{"id":13675,"date":"2017-12-07T16:07:12","date_gmt":"2017-12-07T20:07:12","guid":{"rendered":"https:\/\/www.indexwebmarketing.com\/pt-br\/?page_id=13675"},"modified":"2023-01-13T07:02:50","modified_gmt":"2023-01-13T11:02:50","slug":"especialista-adwords","status":"publish","type":"page","link":"https:\/\/www.indexwebmarketing.com\/pt-br\/servicos\/publicidade-online\/especialista-adwords\/","title":{"rendered":"Publicidade No Google AdWords"},"content":{"rendered":"&#13;\n<h1 class=\"wp-block-heading\" style=\"text-align: center;\">Index<\/h1>&#13;\n&#13;\n<h3 class=\"wp-block-heading\" style=\"text-align: center;\">Nous offrons la <strong>publicit\u00e9 Google Ads<\/strong> \u00e0 Montr\u00e9al et partout au Qu\u00e9bec. Ce service d&#8217;agence inclut la conception de campagne, la cr\u00e9ation, l&#8217;optimisation et la gestion de votre compte client.<\/h3>&#13;\n\r\n<div class=\"wp-block-columns has-2-columns is-layout-flex wp-container-core-columns-is-layout-9d6595d7 wp-block-columns-is-layout-flex\">\r\n<div class=\"wp-block-column d-none d-md-block is-layout-flow wp-block-column-is-layout-flow\">&#13;\n<figure class=\"wp-block-image\"><img loading=\"lazy\" decoding=\"async\" width=\"300\" height=\"300\" class=\"wp-image-15040\" src=\"https:\/\/www.indexwebmarketing.com\/wp-content\/uploads\/2018\/07\/googleads1-e1531845021347-300x300.png\" alt=\"\" srcset=\"https:\/\/www.indexwebmarketing.com\/wp-content\/uploads\/2018\/07\/googleads1-e1531845021347-300x300.png 300w, https:\/\/www.indexwebmarketing.com\/wp-content\/uploads\/2018\/07\/googleads1-e1531845021347-500x500.png 500w, https:\/\/www.indexwebmarketing.com\/wp-content\/uploads\/2018\/07\/googleads1-e1531845021347-150x150.png 150w, https:\/\/www.indexwebmarketing.com\/wp-content\/uploads\/2018\/07\/googleads1-e1531845021347.png 645w\" sizes=\"(max-width: 300px) 100vw, 300px\" \/><\/figure><\/div>\r\n\r\n\r\n\r\n<div class=\"wp-block-column is-layout-flow wp-block-column-is-layout-flow\">&#13;\n<h2 class=\"wp-block-heading\">Qu&#8217;est-ce que Google Ads?<\/h2>&#13;\n\r\n\r\n&#13;\n<p>On r\u00e9dige une br\u00e8ve annonce dans laquelle on fait la promotion d\u2019un site Internet. On doit par la suite r\u00e9diger une liste de mots cl\u00e9s qui sera soumise \u00e0 Google Ads. Lorsqu\u2019un internaute cherchera un mot cl\u00e9, l\u2019annonce appara\u00eetra \u00e0 droite des r\u00e9sultats. \u00c0 chaque fois qu&#8217;une annonce est affich\u00e9e, on consid\u00e8re qu\u2019elle g\u00e9n\u00e8re une impression.<\/p>&#13;\n\r\n\r\n\n<p class=\"mb-0\">\n\t<a href=\"https:\/\/www.indexwebmarketing.com\/contact\/\" class=\"btn btn-lg btn-red\">Estimation gratuite<\/a>\n<\/p>\n<\/div>\r\n<\/div>\r\n\r\n<div class=\"wp-block-columns has-2-columns is-layout-flex wp-container-core-columns-is-layout-9d6595d7 wp-block-columns-is-layout-flex\">\r\n<div class=\"wp-block-column is-layout-flow wp-block-column-is-layout-flow\">&#13;\n<h2 class=\"wp-block-heading\">Pourquoi une campagne de publicit\u00e9 avec Google Ads?<\/h2>&#13;\n\r\n\r\n&#13;\n<p>La publicit\u00e9 Google Ads est un syst\u00e8me \u00e9prouv\u00e9 qui demande un niveau \u00e9lev\u00e9 de connaissances pour se d\u00e9marquer. Confiez \u00e0 Index Web Marketing la cr\u00e9ation de votre campagne pour qu&#8217;elle soit profitable imm\u00e9diatement.<\/p>&#13;\n\r\n\r\n\n<p class=\"mb-0\">\n\t<a href=\"https:\/\/www.indexwebmarketing.com\/services\/\" class=\"btn btn-lg btn-red\">Retour aux services\n\t<\/a>\n<\/p>\n<\/div>\r\n\r\n\r\n\r\n<div class=\"wp-block-column d-none d-md-block is-layout-flow wp-block-column-is-layout-flow\">&#13;\n<figure class=\"wp-block-image\"><img loading=\"lazy\" decoding=\"async\" width=\"300\" height=\"300\" class=\"wp-image-15028\" src=\"https:\/\/www.indexwebmarketing.com\/wp-content\/uploads\/2018\/07\/googleads2-e1531844983251-300x300.png\" alt=\"\" srcset=\"https:\/\/www.indexwebmarketing.com\/wp-content\/uploads\/2018\/07\/googleads2-e1531844983251-300x300.png 300w, https:\/\/www.indexwebmarketing.com\/wp-content\/uploads\/2018\/07\/googleads2-e1531844983251-150x150.png 150w, https:\/\/www.indexwebmarketing.com\/wp-content\/uploads\/2018\/07\/googleads2-e1531844983251.png 320w\" sizes=\"(max-width: 300px) 100vw, 300px\" \/><\/figure><\/div>\r\n<\/div>\r\n\r\n<div class=\"wp-block-columns has-2-columns is-layout-flex wp-container-core-columns-is-layout-9d6595d7 wp-block-columns-is-layout-flex\">\r\n<div class=\"wp-block-column d-none d-md-block is-layout-flow wp-block-column-is-layout-flow\">&#13;\n<figure class=\"wp-block-image\"><img loading=\"lazy\" decoding=\"async\" width=\"300\" height=\"300\" class=\"wp-image-15034\" src=\"https:\/\/www.indexwebmarketing.com\/wp-content\/uploads\/2018\/07\/googleads3-e1531844980822-300x300.png\" alt=\"\" srcset=\"https:\/\/www.indexwebmarketing.com\/wp-content\/uploads\/2018\/07\/googleads3-e1531844980822-300x300.png 300w, https:\/\/www.indexwebmarketing.com\/wp-content\/uploads\/2018\/07\/googleads3-e1531844980822-150x150.png 150w, https:\/\/www.indexwebmarketing.com\/wp-content\/uploads\/2018\/07\/googleads3-e1531844980822.png 320w\" sizes=\"(max-width: 300px) 100vw, 300px\" \/><\/figure><\/div>\r\n\r\n\r\n\r\n<div class=\"wp-block-column is-layout-flow wp-block-column-is-layout-flow\">&#13;\n<h2 class=\"wp-block-heading\">Por que voc\u00ea pagaria SEO?<\/h2>&#13;\n\r\n\r\n&#13;\n<p>\u00c0 la diff\u00e9rence du <a href=\"https:\/\/www.indexwebmarketing.com\/services\/referencement\">r\u00e9f\u00e9rencement organique<\/a> ou dit \u00ab naturel \u00bb, le <strong><a href=\"https:\/\/www.indexwebmarketing.com\/services\/adwords\">r\u00e9f\u00e9rencement payant<\/a><\/strong> inclut la notion de retour sur investissement ou ROI (Return On Investment). Combien l&#8217;afficheur re\u00e7oit-il pour chaque dollar investi ?<\/p>&#13;\n\r\n\r\n&#13;\n<p>Le r\u00e9f\u00e9rencement payant ou \u00ab Pay-Per-Click \u00bb (PPC) est une technique de <a href=\"https:\/\/www.indexwebmarketing.com\">marketing Web<\/a> qui fait appel \u00e0 l\u2019achat d\u2019espaces publicitaires sur le Web pour faire conna\u00eetre un site Internet.<\/p>&#13;\n\r\n\r\n&#13;\n<p>Si un internaute clique sur une annonce, il sera redirig\u00e9 vers le site Web dont celle-ci faisait la promotion. Chaque fois qu\u2019un internaute clique sur l\u2019annonce d\u2019un annonceur, l\u2019annonceur doit d\u00e9bourser un montant en particulier. Par exemple, si l\u2019annonceur sp\u00e9cifie qu\u2019il veut d\u00e9penser 20$ par jour pour une p\u00e9riode de trois mois et que l\u2019annonce Google Adwords est fix\u00e9e \u00e0 0.25$ le clique, il a droit \u00e0 un plafond de 80 clics par jour, durant 90 jours. Apr\u00e8s 3 mois, il aura attir\u00e9 7650 personnes sur son site.<\/p>&#13;\n\r\n\r\n\n<p class=\"mb-0\">\n\t<a href=\"https:\/\/www.indexwebmarketing.com\/services\/\" class=\"btn btn-lg btn-red\">Retour aux services\n\t<\/a>\n<\/p>\n<\/div>\r\n<\/div>\r\n&#13;\n<p style=\"text-align: center;\">Si vous \u00eates une organisation sans but lucratif gr\u00e2ce au programme Google Ad Grants,\u00a0<a href=\"https:\/\/www.indexwebmarketing.com\/google-ad-grants\">cliquez ici<\/a> pour v\u00e9rifier votre \u00e9ligibilit\u00e9 \u00e0 recevoir 10 000$ par mois gratuitement.<\/p>&#13;\n&#13;\n<h3 class=\"wp-block-heading\">M\u00e9thodes de publicit\u00e9 en ligne alternatives<\/h3>&#13;\n&#13;\n<p>Il existe plusieurs m\u00e9thodes de <a href=\"https:\/\/www.indexwebmarketing.com\/services\/publicite\">publicit\u00e9 en ligne<\/a> alternatives \u00e0 Google AdWords.<\/p>&#13;\n&#13;\n<p>Parmi celles-ci, l&#8217;agence Index Web Marketing offre:<\/p>&#13;\n&#13;\n<ul class=\"wp-block-list\"><li><a href=\"https:\/\/www.indexwebmarketing.com\/services\/publicite-facebook\/\">Facebook Ads<\/a><\/li>&#13;\n<li><a href=\"https:\/\/www.indexwebmarketing.com\/services\/publicite-youtube\">YouTube Ads<\/a><\/li>&#13;\n<li><a href=\"https:\/\/www.indexwebmarketing.com\/services\/formations\/formation-adwords\">Formation AdWords<\/a><\/li>&#13;\n<li><a href=\"https:\/\/www.indexwebmarketing.com\/publicite-waze-ads\">Waze Ads<\/a><\/li>&#13;\n<\/ul>","protected":false},"excerpt":{"rendered":"<p>&#13; Index&#13; &#13; Nous offrons la publicit\u00e9&#8230;<\/p>\n","protected":false},"author":6,"featured_media":0,"parent":9157,"menu_order":2,"comment_status":"open","ping_status":"open","template":"page-templates\/template-services-publicite-google-ads.php","meta":{"_et_pb_use_builder":"on","_et_pb_old_content":"","_et_gb_content_width":"","footnotes":""},"class_list":["post-13675","page","type-page","status-publish","hentry"],"yoast_head":"<!-- This site is optimized with the Yoast SEO plugin v24.6 - https:\/\/yoast.com\/wordpress\/plugins\/seo\/ -->\n<title>Especialista Google Adwords | Ag\u00eancia Index Brasil, S\u00e3o Paulo<\/title>\n<meta name=\"description\" content=\"Somos especializados em publicidade no Google AdWords. Nossos servi\u00e7os de ag\u00eancia incluem design de campanha, al\u00e9m de cria\u00e7\u00e3o, otimiza\u00e7\u00e3o e gerenciamento da conta do cliente.\" \/>\n<meta name=\"robots\" content=\"index, follow, max-snippet:-1, max-image-preview:large, max-video-preview:-1\" \/>\n<link rel=\"canonical\" href=\"https:\/\/www.indexwebmarketing.com\/pt-br\/servicos\/publicidade-online\/especialista-adwords\/\" \/>\n<meta property=\"og:locale\" content=\"pt_BR\" \/>\n<meta property=\"og:type\" content=\"article\" \/>\n<meta property=\"og:title\" content=\"Especialista Google Adwords | Ag\u00eancia Index Brasil, S\u00e3o Paulo\" \/>\n<meta property=\"og:description\" content=\"Somos especializados em publicidade no Google AdWords. Nossos servi\u00e7os de ag\u00eancia incluem design de campanha, al\u00e9m de cria\u00e7\u00e3o, otimiza\u00e7\u00e3o e gerenciamento da conta do cliente.\" \/>\n<meta property=\"og:url\" content=\"https:\/\/www.indexwebmarketing.com\/pt-br\/servicos\/publicidade-online\/especialista-adwords\/\" \/>\n<meta property=\"og:site_name\" content=\"Index\" \/>\n<meta property=\"article:publisher\" content=\"https:\/\/www.facebook.com\/agenceindex\" \/>\n<meta property=\"article:modified_time\" content=\"2023-01-13T11:02:50+00:00\" \/>\n<meta property=\"og:image\" content=\"https:\/\/www.indexwebmarketing.com\/wp-content\/uploads\/2018\/07\/googleads1-e1531845021347-300x300.png\" \/>\n<meta name=\"twitter:label1\" content=\"Est. tempo de leitura\" \/>\n\t<meta name=\"twitter:data1\" content=\"2 minutos\" \/>\n<script type=\"application\/ld+json\" class=\"yoast-schema-graph\">{\"@context\":\"https:\/\/schema.org\",\"@graph\":[{\"@type\":\"WebPage\",\"@id\":\"https:\/\/www.indexwebmarketing.com\/pt-br\/servicos\/publicidade-online\/especialista-adwords\/\",\"url\":\"https:\/\/www.indexwebmarketing.com\/pt-br\/servicos\/publicidade-online\/especialista-adwords\/\",\"name\":\"Especialista Google Adwords | Ag\u00eancia Index Brasil, S\u00e3o Paulo\",\"isPartOf\":{\"@id\":\"https:\/\/www.indexwebmarketing.com\/#website\"},\"primaryImageOfPage\":{\"@id\":\"https:\/\/www.indexwebmarketing.com\/pt-br\/servicos\/publicidade-online\/especialista-adwords\/#primaryimage\"},\"image\":{\"@id\":\"https:\/\/www.indexwebmarketing.com\/pt-br\/servicos\/publicidade-online\/especialista-adwords\/#primaryimage\"},\"thumbnailUrl\":\"https:\/\/www.indexwebmarketing.com\/wp-content\/uploads\/2018\/07\/googleads1-e1531845021347-300x300.png\",\"datePublished\":\"2017-12-07T20:07:12+00:00\",\"dateModified\":\"2023-01-13T11:02:50+00:00\",\"description\":\"Somos especializados em publicidade no Google AdWords. Nossos servi\u00e7os de ag\u00eancia incluem design de campanha, al\u00e9m de cria\u00e7\u00e3o, otimiza\u00e7\u00e3o e gerenciamento da conta do cliente.\",\"breadcrumb\":{\"@id\":\"https:\/\/www.indexwebmarketing.com\/pt-br\/servicos\/publicidade-online\/especialista-adwords\/#breadcrumb\"},\"inLanguage\":\"pt-BR\",\"potentialAction\":[{\"@type\":\"ReadAction\",\"target\":[\"https:\/\/www.indexwebmarketing.com\/pt-br\/servicos\/publicidade-online\/especialista-adwords\/\"]}]},{\"@type\":\"ImageObject\",\"inLanguage\":\"pt-BR\",\"@id\":\"https:\/\/www.indexwebmarketing.com\/pt-br\/servicos\/publicidade-online\/especialista-adwords\/#primaryimage\",\"url\":\"https:\/\/www.indexwebmarketing.com\/wp-content\/uploads\/2018\/07\/googleads1-e1531845021347-300x300.png\",\"contentUrl\":\"https:\/\/www.indexwebmarketing.com\/wp-content\/uploads\/2018\/07\/googleads1-e1531845021347-300x300.png\"},{\"@type\":\"BreadcrumbList\",\"@id\":\"https:\/\/www.indexwebmarketing.com\/pt-br\/servicos\/publicidade-online\/especialista-adwords\/#breadcrumb\",\"itemListElement\":[{\"@type\":\"ListItem\",\"position\":1,\"name\":\"Home\",\"item\":\"https:\/\/www.indexwebmarketing.com\/pt-br\/\"},{\"@type\":\"ListItem\",\"position\":2,\"name\":\"Servi\u00e7os de Marketing Digital\",\"item\":\"https:\/\/www.indexwebmarketing.com\/pt-br\/servicos\/\"},{\"@type\":\"ListItem\",\"position\":3,\"name\":\"Publicidade Digital\",\"item\":\"https:\/\/www.indexwebmarketing.com\/pt-br\/servicos\/publicidade-online\/\"},{\"@type\":\"ListItem\",\"position\":4,\"name\":\"Publicidade No Google AdWords\"}]},{\"@type\":\"WebSite\",\"@id\":\"https:\/\/www.indexwebmarketing.com\/#website\",\"url\":\"https:\/\/www.indexwebmarketing.com\/\",\"name\":\"Index\",\"description\":\"The most trusted digital marketing agency.\",\"alternateName\":\"Index\",\"potentialAction\":[{\"@type\":\"SearchAction\",\"target\":{\"@type\":\"EntryPoint\",\"urlTemplate\":\"https:\/\/www.indexwebmarketing.com\/?s={search_term_string}\"},\"query-input\":{\"@type\":\"PropertyValueSpecification\",\"valueRequired\":true,\"valueName\":\"search_term_string\"}}],\"inLanguage\":\"pt-BR\"}]}<\/script>\n<!-- \/ Yoast SEO plugin. -->","yoast_head_json":{"title":"Especialista Google Adwords | Ag\u00eancia Index Brasil, S\u00e3o Paulo","description":"Somos especializados em publicidade no Google AdWords. Nossos servi\u00e7os de ag\u00eancia incluem design de campanha, al\u00e9m de cria\u00e7\u00e3o, otimiza\u00e7\u00e3o e gerenciamento da conta do cliente.","robots":{"index":"index","follow":"follow","max-snippet":"max-snippet:-1","max-image-preview":"max-image-preview:large","max-video-preview":"max-video-preview:-1"},"canonical":"https:\/\/www.indexwebmarketing.com\/pt-br\/servicos\/publicidade-online\/especialista-adwords\/","og_locale":"pt_BR","og_type":"article","og_title":"Especialista Google Adwords | Ag\u00eancia Index Brasil, S\u00e3o Paulo","og_description":"Somos especializados em publicidade no Google AdWords. Nossos servi\u00e7os de ag\u00eancia incluem design de campanha, al\u00e9m de cria\u00e7\u00e3o, otimiza\u00e7\u00e3o e gerenciamento da conta do cliente.","og_url":"https:\/\/www.indexwebmarketing.com\/pt-br\/servicos\/publicidade-online\/especialista-adwords\/","og_site_name":"Index","article_publisher":"https:\/\/www.facebook.com\/agenceindex","article_modified_time":"2023-01-13T11:02:50+00:00","og_image":[{"url":"https:\/\/www.indexwebmarketing.com\/wp-content\/uploads\/2018\/07\/googleads1-e1531845021347-300x300.png","type":"","width":"","height":""}],"twitter_misc":{"Est. tempo de leitura":"2 minutos"},"schema":{"@context":"https:\/\/schema.org","@graph":[{"@type":"WebPage","@id":"https:\/\/www.indexwebmarketing.com\/pt-br\/servicos\/publicidade-online\/especialista-adwords\/","url":"https:\/\/www.indexwebmarketing.com\/pt-br\/servicos\/publicidade-online\/especialista-adwords\/","name":"Especialista Google Adwords | Ag\u00eancia Index Brasil, S\u00e3o Paulo","isPartOf":{"@id":"https:\/\/www.indexwebmarketing.com\/#website"},"primaryImageOfPage":{"@id":"https:\/\/www.indexwebmarketing.com\/pt-br\/servicos\/publicidade-online\/especialista-adwords\/#primaryimage"},"image":{"@id":"https:\/\/www.indexwebmarketing.com\/pt-br\/servicos\/publicidade-online\/especialista-adwords\/#primaryimage"},"thumbnailUrl":"https:\/\/www.indexwebmarketing.com\/wp-content\/uploads\/2018\/07\/googleads1-e1531845021347-300x300.png","datePublished":"2017-12-07T20:07:12+00:00","dateModified":"2023-01-13T11:02:50+00:00","description":"Somos especializados em publicidade no Google AdWords. Nossos servi\u00e7os de ag\u00eancia incluem design de campanha, al\u00e9m de cria\u00e7\u00e3o, otimiza\u00e7\u00e3o e gerenciamento da conta do cliente.","breadcrumb":{"@id":"https:\/\/www.indexwebmarketing.com\/pt-br\/servicos\/publicidade-online\/especialista-adwords\/#breadcrumb"},"inLanguage":"pt-BR","potentialAction":[{"@type":"ReadAction","target":["https:\/\/www.indexwebmarketing.com\/pt-br\/servicos\/publicidade-online\/especialista-adwords\/"]}]},{"@type":"ImageObject","inLanguage":"pt-BR","@id":"https:\/\/www.indexwebmarketing.com\/pt-br\/servicos\/publicidade-online\/especialista-adwords\/#primaryimage","url":"https:\/\/www.indexwebmarketing.com\/wp-content\/uploads\/2018\/07\/googleads1-e1531845021347-300x300.png","contentUrl":"https:\/\/www.indexwebmarketing.com\/wp-content\/uploads\/2018\/07\/googleads1-e1531845021347-300x300.png"},{"@type":"BreadcrumbList","@id":"https:\/\/www.indexwebmarketing.com\/pt-br\/servicos\/publicidade-online\/especialista-adwords\/#breadcrumb","itemListElement":[{"@type":"ListItem","position":1,"name":"Home","item":"https:\/\/www.indexwebmarketing.com\/pt-br\/"},{"@type":"ListItem","position":2,"name":"Servi\u00e7os de Marketing Digital","item":"https:\/\/www.indexwebmarketing.com\/pt-br\/servicos\/"},{"@type":"ListItem","position":3,"name":"Publicidade Digital","item":"https:\/\/www.indexwebmarketing.com\/pt-br\/servicos\/publicidade-online\/"},{"@type":"ListItem","position":4,"name":"Publicidade No Google AdWords"}]},{"@type":"WebSite","@id":"https:\/\/www.indexwebmarketing.com\/#website","url":"https:\/\/www.indexwebmarketing.com\/","name":"Index","description":"The most trusted digital marketing agency.","alternateName":"Index","potentialAction":[{"@type":"SearchAction","target":{"@type":"EntryPoint","urlTemplate":"https:\/\/www.indexwebmarketing.com\/?s={search_term_string}"},"query-input":{"@type":"PropertyValueSpecification","valueRequired":true,"valueName":"search_term_string"}}],"inLanguage":"pt-BR"}]}},"_links":{"self":[{"href":"https:\/\/www.indexwebmarketing.com\/pt-br\/wp-json\/wp\/v2\/pages\/13675","targetHints":{"allow":["GET"]}}],"collection":[{"href":"https:\/\/www.indexwebmarketing.com\/pt-br\/wp-json\/wp\/v2\/pages"}],"about":[{"href":"https:\/\/www.indexwebmarketing.com\/pt-br\/wp-json\/wp\/v2\/types\/page"}],"author":[{"embeddable":true,"href":"https:\/\/www.indexwebmarketing.com\/pt-br\/wp-json\/wp\/v2\/users\/6"}],"replies":[{"embeddable":true,"href":"https:\/\/www.indexwebmarketing.com\/pt-br\/wp-json\/wp\/v2\/comments?post=13675"}],"version-history":[{"count":0,"href":"https:\/\/www.indexwebmarketing.com\/pt-br\/wp-json\/wp\/v2\/pages\/13675\/revisions"}],"up":[{"embeddable":true,"href":"https:\/\/www.indexwebmarketing.com\/pt-br\/wp-json\/wp\/v2\/pages\/9157"}],"wp:attachment":[{"href":"https:\/\/www.indexwebmarketing.com\/pt-br\/wp-json\/wp\/v2\/media?parent=13675"}],"curies":[{"name":"wp","href":"https:\/\/api.w.org\/{rel}","templated":true}]}}