{"id":13709,"date":"2018-01-03T08:52:41","date_gmt":"2018-01-03T12:52:41","guid":{"rendered":"https:\/\/www.indexwebmarketing.com\/pt-br\/?page_id=13709"},"modified":"2023-01-13T07:11:47","modified_gmt":"2023-01-13T11:11:47","slug":"publicidade-youtube","status":"publish","type":"page","link":"https:\/\/www.indexwebmarketing.com\/pt-br\/servicos\/publicidade-online\/publicidade-youtube\/","title":{"rendered":"Publicidade No Youtube Ads"},"content":{"rendered":"<div style=\"color: white;\"><img loading=\"lazy\" decoding=\"async\" class=\"aligncenter size-medium wp-image-5822\" src=\"https:\/\/www.indexwebmarketing.com\/wp-content\/uploads\/2015\/11\/youtube-344106_1280-300x150.png\" alt=\" \" width=\"300\" height=\"150\" srcset=\"https:\/\/www.indexwebmarketing.com\/wp-content\/uploads\/2015\/11\/youtube-344106_1280-300x150.png 300w, https:\/\/www.indexwebmarketing.com\/wp-content\/uploads\/2015\/11\/youtube-344106_1280-768x384.png 768w, https:\/\/www.indexwebmarketing.com\/wp-content\/uploads\/2015\/11\/youtube-344106_1280-1024x512.png 1024w, https:\/\/www.indexwebmarketing.com\/wp-content\/uploads\/2015\/11\/youtube-344106_1280.png 1280w\" sizes=\"(max-width: 300px) 100vw, 300px\" \/> You&#8217;re thinking of implementing a video advertising campaign on YouTube. Find out how Index can help you.<\/div>\n<div class=\"row\">\n<div class=\"col-xs-12 col-sm-6 col-md-4 service-item\">\n<div class=\"service-img\"><i class=\"fa fa-question\"><!-- icon --><\/i><\/div>\n<h5><strong>Por Que?<\/strong><\/h5>\n<ul>\n<li><span style=\"font-weight: 400;\">Com mais de um bilh\u00e3o de usu\u00e1rios, o YouTube tornou-se uma ferramenta de comunica\u00e7\u00e3o essencial para as empresas.<\/span><\/li>\n<li style=\"font-weight: 400;\"><span style=\"font-weight: 400;\">Publicar um an\u00fancio no site de v\u00eddeo mais visitado no mundo, e o segundo mecanismo de busca do mundo depois do Google, garantir\u00e1 que sua empresa ter\u00e1 uma \u00f3tima visibilidade.<\/span><\/li>\n<li style=\"font-weight: 400;\"><span style=\"font-weight: 400;\">Os usu\u00e1rios da Internet que optam por assistir um an\u00fancio em v\u00eddeo no YouTube s\u00e3o 75% mais engajados do que aqueles que n\u00e3o t\u00eam a op\u00e7\u00e3o de assistir a um an\u00fancio. Eles tamb\u00e9m s\u00e3o quatro vezes mais dispostos a fazer uma compra<\/span><\/li>\n<\/ul>\n<\/div>\n<div class=\"col-xs-12 col-sm-6 col-md-4 service-item\">\n<div class=\"service-img\"><i class=\"fa fa-gears\"><!-- icon --><\/i><\/div>\n<h5><strong>Como Anunciar No Youtube?<\/strong><\/h5>\n<ul>\n<li style=\"font-weight: 400;\"><span style=\"font-weight: 400;\">Os an\u00fancios de v\u00eddeo aparecem antes dos outros v\u00eddeos no YouTube, na barra lateral, ou mesmo nos resultados de pesquisa.<\/span><\/li>\n<li style=\"font-weight: 400;\"><span style=\"font-weight: 400;\">Pre-roll \u00e9 usado para reproduzir um an\u00fancio por cinco segundos antes do v\u00eddeo que o usu\u00e1rio deseja ver. Em seguida, o usu\u00e1rio pode optar por ignor\u00e1-lo ou exibir o an\u00fancio na \u00edntegra.<\/span><\/li>\n<li style=\"font-weight: 400;\"><span style=\"font-weight: 400;\">Se o usu\u00e1rio visualizar trinta segundos do v\u00eddeo, ou todo o v\u00eddeo se a dura\u00e7\u00e3o for menor que trinta segundos, isso conta como uma intera\u00e7\u00e3o. Se o usu\u00e1rio interage com o v\u00eddeo ou o an\u00fancio de v\u00eddeo, isso tamb\u00e9m conta como uma intera\u00e7\u00e3o.<\/span><\/li>\n<\/ul>\n<\/div>\n<div class=\"col-xs-12 col-sm-6 col-md-4 service-item\">\n<div class=\"service-img\"><i class=\"fa fa-money\"><!-- icon --><\/i><\/div>\n<h5><strong>Vantagens<\/strong><\/h5>\n<ul>\n<li style=\"font-weight: 400;\"><span style=\"font-weight: 400;\">Crescendo o seu neg\u00f3cio: realizando <strong>campanhas publicit\u00e1rias no YouTube<\/strong>, nossos parceiros constataram um aumento em suas receitas.<\/span><\/li>\n<li style=\"font-weight: 400;\"><span style=\"font-weight: 400;\">S\u00f3 \u00e9 cobrado quando algu\u00e9m clica no seu an\u00fancio. Se o usu\u00e1rio decidir ignor\u00e1-lo dentro de 30 segundos, ou antes do final, voc\u00ea n\u00e3o paga nada.<\/span><\/li>\n<li style=\"font-weight: 400;\"><span style=\"font-weight: 400;\">Personaliza\u00e7\u00e3o: atrav\u00e9s da sele\u00e7\u00e3o do formato de v\u00eddeo.<\/span><\/li>\n<li style=\"font-weight: 400;\"><span style=\"font-weight: 400;\">Ample Audi\u00eancia: atrav\u00e9s da transmiss\u00e3o de an\u00fancios TrueView no YouTube e outros sites da Rede de Display do Google.<\/span><\/li>\n<li style=\"font-weight: 400;\"><span style=\"font-weight: 400;\">Gerenciando o or\u00e7amento: atrav\u00e9s da configura\u00e7\u00e3o do custo por visualiza\u00e7\u00e3o e do p\u00fablico-alvo.<\/span><\/li>\n<\/ul>\n<\/div>\n<\/div>\n<p>&nbsp;<\/p>\n<p>&nbsp;<\/p>\n<p>&nbsp;<\/p>\n<p>&nbsp;<\/p>\n<p>&nbsp;<\/p>\n<h2><strong>Formatos de publicidade em v\u00eddeo:<\/strong><\/h2>\n<p><span style=\"font-weight: 400;\">Para exibir an\u00fancios de v\u00eddeo, existem quatro formatos de <strong>publicidade TrueView<\/strong> que permitem aos usu\u00e1rios escolher os tipos de an\u00fancios que eles querem ver.<\/span><\/p>\n<h3><strong>TrueView InSearch<\/strong><\/h3>\n<p><span style=\"font-weight: 400;\">O an\u00fancio aparece na p\u00e1gina de pesquisa do YouTube.<br \/>\nO usu\u00e1rio v\u00ea o an\u00fancio acima ou ao lado dos resultados de pesquisa do YouTube.<br \/>\nO anunciante paga apenas quando o usu\u00e1rio clica no an\u00fancio de v\u00eddeo e assiste o mesmo.<\/span><\/p>\n<h3>TrueView InDisplay<\/h3>\n<p><span style=\"font-weight: 400;\">O an\u00fancio aparece ao lado de v\u00eddeos na p\u00e1gina de reprodu\u00e7\u00e3o do YouTube.<br \/>\nO usu\u00e1rio v\u00ea o an\u00fancio ao visualizar v\u00eddeos no YouTube.<br \/>\nO anunciante paga apenas quando o usu\u00e1rio clica no an\u00fancio de v\u00eddeo e assiste.<\/span><\/p>\n<h3>TrueView InStream<\/h3>\n<p><span style=\"font-weight: 400;\">O an\u00fancio aparece como um v\u00eddeo pre-roll. Reproduz por cinco segundos, ent\u00e3o o usu\u00e1rio escolhe ignor\u00e1-lo ou assisti-lo at\u00e9 o fim.<br \/>\nO anunciante paga quando o usu\u00e1rio visualiza o an\u00fancio de v\u00eddeo por trinta segundos, ou na \u00edntegra, se sua dura\u00e7\u00e3o for menor que trinta segundos.<\/span><\/p>\n<h3>TrueView InSlate<\/h3>\n<p><span style=\"font-weight: 400;\">O an\u00fancio aparece antes de v\u00eddeos do parceiro do YouTube com mais de 10 minutos.<br \/>\nAntes de reproduzir o v\u00eddeo, o usu\u00e1rio escolhe visualizar um an\u00fancio de uma sele\u00e7\u00e3o de tr\u00eas anunciantes diferentes ou assistir a spots publicit\u00e1rios exibidos em intervalos regulares durante a reprodu\u00e7\u00e3o de v\u00eddeo.<br \/>\nUm anunciante paga quando o usu\u00e1rio escolhe visualizar o an\u00fancio de v\u00eddeo desse anunciante.<\/span><\/p>\n<h2><span style=\"font-weight: 400;\">Campanhas bem-sucedidas.<\/span><\/h2>\n<p><span style=\"font-weight: 400;\">Exemplos de <strong>publicidade em v\u00eddeo<\/strong> que tiveram sucesso no YouTube:<\/span><\/p>\n<p><iframe loading=\"lazy\" src=\"https:\/\/www.youtube.com\/embed\/IJNR2EpS0jw\" width=\"560\" height=\"315\" frameborder=\"0\" allowfullscreen=\"allowfullscreen\"><\/iframe><\/p>\n<p><iframe loading=\"lazy\" src=\"https:\/\/www.youtube.com\/embed\/Ekr05T9Iaio\" width=\"560\" height=\"315\" frameborder=\"0\" allowfullscreen=\"allowfullscreen\"><\/iframe><\/p>\n<p><span style=\"font-weight: 400;\">Como parceiro do Google, a Index pode configurar e implementar sua <strong>campanha de v\u00eddeo com an\u00fancios do YouTube<\/strong>, juntamente com uma estrat\u00e9gia na web.<\/span><\/p>\n<p><span style=\"font-weight: 400;\">Se voc\u00ea tamb\u00e9m gostaria de lan\u00e7ar uma campanha de v\u00eddeo no YouTube, <a href=\"https:\/\/www.indexwebmarketing.com\/pt-br\/contato\/\">entre em contato<\/a> conosco atrav\u00e9s do formul\u00e1rio de contato clicando aqui.<\/span><\/p>\n<p><span style=\"font-weight: 400;\">Nossa equipe de especialistas sabem o que \u00e9 preciso para atender \u00e0s suas necessidades.<\/span><\/p>\n","protected":false},"excerpt":{"rendered":"<p>You&#8217;re thinking of implementing a video advertising campaign on YouTube. Find out how Index can help you. Por Que? Com mais de um bilh\u00e3o de usu\u00e1rios, o YouTube tornou-se uma ferramenta de comunica\u00e7\u00e3o essencial para as empresas. Publicar um an\u00fancio no site de v\u00eddeo mais visitado no mundo, e o segundo mecanismo de busca do [&hellip;]<\/p>\n","protected":false},"author":38,"featured_media":13713,"parent":9157,"menu_order":0,"comment_status":"closed","ping_status":"closed","template":"page-templates\/template-services-publicite-youtube-ads.php","meta":{"_et_pb_use_builder":"","_et_pb_old_content":"","_et_gb_content_width":"","footnotes":""},"class_list":["post-13709","page","type-page","status-publish","has-post-thumbnail","hentry"],"yoast_head":"<!-- This site is optimized with the Yoast SEO plugin v24.6 - https:\/\/yoast.com\/wordpress\/plugins\/seo\/ -->\n<title>Anunciar no YouTube: Publicidade | Ag\u00eancia Index Brasil, S\u00e3o Paulo<\/title>\n<meta name=\"description\" content=\"Se voc\u00ea est\u00e1 pensando em implementar uma campanha de publicidade em v\u00eddeo no YouTube descubra como a Index pode ajud\u00e1-lo.\" \/>\n<meta name=\"robots\" content=\"index, follow, max-snippet:-1, max-image-preview:large, max-video-preview:-1\" \/>\n<link rel=\"canonical\" href=\"https:\/\/www.indexwebmarketing.com\/pt-br\/servicos\/publicidade-online\/publicidade-youtube\/\" \/>\n<meta property=\"og:locale\" content=\"pt_BR\" \/>\n<meta property=\"og:type\" content=\"article\" \/>\n<meta property=\"og:title\" content=\"Anunciar no YouTube: Publicidade | Ag\u00eancia Index Brasil, S\u00e3o Paulo\" \/>\n<meta property=\"og:description\" content=\"Se voc\u00ea est\u00e1 pensando em implementar uma campanha de publicidade em v\u00eddeo no YouTube descubra como a Index pode ajud\u00e1-lo.\" \/>\n<meta property=\"og:url\" content=\"https:\/\/www.indexwebmarketing.com\/pt-br\/servicos\/publicidade-online\/publicidade-youtube\/\" \/>\n<meta property=\"og:site_name\" content=\"Index\" \/>\n<meta property=\"article:publisher\" content=\"https:\/\/www.facebook.com\/agenceindex\" \/>\n<meta property=\"article:modified_time\" content=\"2023-01-13T11:11:47+00:00\" \/>\n<meta property=\"og:image\" content=\"https:\/\/www.indexwebmarketing.com\/wp-content\/uploads\/2015\/11\/youtube-344106_1280.png\" \/>\n\t<meta property=\"og:image:width\" content=\"1280\" \/>\n\t<meta property=\"og:image:height\" content=\"640\" \/>\n\t<meta property=\"og:image:type\" content=\"image\/png\" \/>\n<meta name=\"twitter:label1\" content=\"Est. tempo de leitura\" \/>\n\t<meta name=\"twitter:data1\" content=\"3 minutos\" \/>\n<script type=\"application\/ld+json\" class=\"yoast-schema-graph\">{\"@context\":\"https:\/\/schema.org\",\"@graph\":[{\"@type\":\"WebPage\",\"@id\":\"https:\/\/www.indexwebmarketing.com\/pt-br\/servicos\/publicidade-online\/publicidade-youtube\/\",\"url\":\"https:\/\/www.indexwebmarketing.com\/pt-br\/servicos\/publicidade-online\/publicidade-youtube\/\",\"name\":\"Anunciar no YouTube: Publicidade | Ag\u00eancia Index Brasil, S\u00e3o Paulo\",\"isPartOf\":{\"@id\":\"https:\/\/www.indexwebmarketing.com\/#website\"},\"primaryImageOfPage\":{\"@id\":\"https:\/\/www.indexwebmarketing.com\/pt-br\/servicos\/publicidade-online\/publicidade-youtube\/#primaryimage\"},\"image\":{\"@id\":\"https:\/\/www.indexwebmarketing.com\/pt-br\/servicos\/publicidade-online\/publicidade-youtube\/#primaryimage\"},\"thumbnailUrl\":\"https:\/\/www.indexwebmarketing.com\/wp-content\/uploads\/2015\/11\/youtube-344106_1280.png\",\"datePublished\":\"2018-01-03T12:52:41+00:00\",\"dateModified\":\"2023-01-13T11:11:47+00:00\",\"description\":\"Se voc\u00ea est\u00e1 pensando em implementar uma campanha de publicidade em v\u00eddeo no YouTube descubra como a Index pode ajud\u00e1-lo.\",\"breadcrumb\":{\"@id\":\"https:\/\/www.indexwebmarketing.com\/pt-br\/servicos\/publicidade-online\/publicidade-youtube\/#breadcrumb\"},\"inLanguage\":\"pt-BR\",\"potentialAction\":[{\"@type\":\"ReadAction\",\"target\":[\"https:\/\/www.indexwebmarketing.com\/pt-br\/servicos\/publicidade-online\/publicidade-youtube\/\"]}]},{\"@type\":\"ImageObject\",\"inLanguage\":\"pt-BR\",\"@id\":\"https:\/\/www.indexwebmarketing.com\/pt-br\/servicos\/publicidade-online\/publicidade-youtube\/#primaryimage\",\"url\":\"https:\/\/www.indexwebmarketing.com\/wp-content\/uploads\/2015\/11\/youtube-344106_1280.png\",\"contentUrl\":\"https:\/\/www.indexwebmarketing.com\/wp-content\/uploads\/2015\/11\/youtube-344106_1280.png\",\"width\":1280,\"height\":640},{\"@type\":\"BreadcrumbList\",\"@id\":\"https:\/\/www.indexwebmarketing.com\/pt-br\/servicos\/publicidade-online\/publicidade-youtube\/#breadcrumb\",\"itemListElement\":[{\"@type\":\"ListItem\",\"position\":1,\"name\":\"Home\",\"item\":\"https:\/\/www.indexwebmarketing.com\/pt-br\/\"},{\"@type\":\"ListItem\",\"position\":2,\"name\":\"Servi\u00e7os de Marketing Digital\",\"item\":\"https:\/\/www.indexwebmarketing.com\/pt-br\/servicos\/\"},{\"@type\":\"ListItem\",\"position\":3,\"name\":\"Publicidade Digital\",\"item\":\"https:\/\/www.indexwebmarketing.com\/pt-br\/servicos\/publicidade-online\/\"},{\"@type\":\"ListItem\",\"position\":4,\"name\":\"Publicidade No Youtube Ads\"}]},{\"@type\":\"WebSite\",\"@id\":\"https:\/\/www.indexwebmarketing.com\/#website\",\"url\":\"https:\/\/www.indexwebmarketing.com\/\",\"name\":\"Index\",\"description\":\"The most trusted digital marketing agency.\",\"alternateName\":\"Index\",\"potentialAction\":[{\"@type\":\"SearchAction\",\"target\":{\"@type\":\"EntryPoint\",\"urlTemplate\":\"https:\/\/www.indexwebmarketing.com\/?s={search_term_string}\"},\"query-input\":{\"@type\":\"PropertyValueSpecification\",\"valueRequired\":true,\"valueName\":\"search_term_string\"}}],\"inLanguage\":\"pt-BR\"}]}<\/script>\n<!-- \/ Yoast SEO plugin. -->","yoast_head_json":{"title":"Anunciar no YouTube: Publicidade | Ag\u00eancia Index Brasil, S\u00e3o Paulo","description":"Se voc\u00ea est\u00e1 pensando em implementar uma campanha de publicidade em v\u00eddeo no YouTube descubra como a Index pode ajud\u00e1-lo.","robots":{"index":"index","follow":"follow","max-snippet":"max-snippet:-1","max-image-preview":"max-image-preview:large","max-video-preview":"max-video-preview:-1"},"canonical":"https:\/\/www.indexwebmarketing.com\/pt-br\/servicos\/publicidade-online\/publicidade-youtube\/","og_locale":"pt_BR","og_type":"article","og_title":"Anunciar no YouTube: Publicidade | Ag\u00eancia Index Brasil, S\u00e3o Paulo","og_description":"Se voc\u00ea est\u00e1 pensando em implementar uma campanha de publicidade em v\u00eddeo no YouTube descubra como a Index pode ajud\u00e1-lo.","og_url":"https:\/\/www.indexwebmarketing.com\/pt-br\/servicos\/publicidade-online\/publicidade-youtube\/","og_site_name":"Index","article_publisher":"https:\/\/www.facebook.com\/agenceindex","article_modified_time":"2023-01-13T11:11:47+00:00","og_image":[{"width":1280,"height":640,"url":"https:\/\/www.indexwebmarketing.com\/wp-content\/uploads\/2015\/11\/youtube-344106_1280.png","type":"image\/png"}],"twitter_misc":{"Est. tempo de leitura":"3 minutos"},"schema":{"@context":"https:\/\/schema.org","@graph":[{"@type":"WebPage","@id":"https:\/\/www.indexwebmarketing.com\/pt-br\/servicos\/publicidade-online\/publicidade-youtube\/","url":"https:\/\/www.indexwebmarketing.com\/pt-br\/servicos\/publicidade-online\/publicidade-youtube\/","name":"Anunciar no YouTube: Publicidade | Ag\u00eancia Index Brasil, S\u00e3o Paulo","isPartOf":{"@id":"https:\/\/www.indexwebmarketing.com\/#website"},"primaryImageOfPage":{"@id":"https:\/\/www.indexwebmarketing.com\/pt-br\/servicos\/publicidade-online\/publicidade-youtube\/#primaryimage"},"image":{"@id":"https:\/\/www.indexwebmarketing.com\/pt-br\/servicos\/publicidade-online\/publicidade-youtube\/#primaryimage"},"thumbnailUrl":"https:\/\/www.indexwebmarketing.com\/wp-content\/uploads\/2015\/11\/youtube-344106_1280.png","datePublished":"2018-01-03T12:52:41+00:00","dateModified":"2023-01-13T11:11:47+00:00","description":"Se voc\u00ea est\u00e1 pensando em implementar uma campanha de publicidade em v\u00eddeo no YouTube descubra como a Index pode ajud\u00e1-lo.","breadcrumb":{"@id":"https:\/\/www.indexwebmarketing.com\/pt-br\/servicos\/publicidade-online\/publicidade-youtube\/#breadcrumb"},"inLanguage":"pt-BR","potentialAction":[{"@type":"ReadAction","target":["https:\/\/www.indexwebmarketing.com\/pt-br\/servicos\/publicidade-online\/publicidade-youtube\/"]}]},{"@type":"ImageObject","inLanguage":"pt-BR","@id":"https:\/\/www.indexwebmarketing.com\/pt-br\/servicos\/publicidade-online\/publicidade-youtube\/#primaryimage","url":"https:\/\/www.indexwebmarketing.com\/wp-content\/uploads\/2015\/11\/youtube-344106_1280.png","contentUrl":"https:\/\/www.indexwebmarketing.com\/wp-content\/uploads\/2015\/11\/youtube-344106_1280.png","width":1280,"height":640},{"@type":"BreadcrumbList","@id":"https:\/\/www.indexwebmarketing.com\/pt-br\/servicos\/publicidade-online\/publicidade-youtube\/#breadcrumb","itemListElement":[{"@type":"ListItem","position":1,"name":"Home","item":"https:\/\/www.indexwebmarketing.com\/pt-br\/"},{"@type":"ListItem","position":2,"name":"Servi\u00e7os de Marketing Digital","item":"https:\/\/www.indexwebmarketing.com\/pt-br\/servicos\/"},{"@type":"ListItem","position":3,"name":"Publicidade Digital","item":"https:\/\/www.indexwebmarketing.com\/pt-br\/servicos\/publicidade-online\/"},{"@type":"ListItem","position":4,"name":"Publicidade No Youtube Ads"}]},{"@type":"WebSite","@id":"https:\/\/www.indexwebmarketing.com\/#website","url":"https:\/\/www.indexwebmarketing.com\/","name":"Index","description":"The most trusted digital marketing agency.","alternateName":"Index","potentialAction":[{"@type":"SearchAction","target":{"@type":"EntryPoint","urlTemplate":"https:\/\/www.indexwebmarketing.com\/?s={search_term_string}"},"query-input":{"@type":"PropertyValueSpecification","valueRequired":true,"valueName":"search_term_string"}}],"inLanguage":"pt-BR"}]}},"_links":{"self":[{"href":"https:\/\/www.indexwebmarketing.com\/pt-br\/wp-json\/wp\/v2\/pages\/13709","targetHints":{"allow":["GET"]}}],"collection":[{"href":"https:\/\/www.indexwebmarketing.com\/pt-br\/wp-json\/wp\/v2\/pages"}],"about":[{"href":"https:\/\/www.indexwebmarketing.com\/pt-br\/wp-json\/wp\/v2\/types\/page"}],"author":[{"embeddable":true,"href":"https:\/\/www.indexwebmarketing.com\/pt-br\/wp-json\/wp\/v2\/users\/38"}],"replies":[{"embeddable":true,"href":"https:\/\/www.indexwebmarketing.com\/pt-br\/wp-json\/wp\/v2\/comments?post=13709"}],"version-history":[{"count":0,"href":"https:\/\/www.indexwebmarketing.com\/pt-br\/wp-json\/wp\/v2\/pages\/13709\/revisions"}],"up":[{"embeddable":true,"href":"https:\/\/www.indexwebmarketing.com\/pt-br\/wp-json\/wp\/v2\/pages\/9157"}],"wp:featuredmedia":[{"embeddable":true,"href":"https:\/\/www.indexwebmarketing.com\/pt-br\/wp-json\/wp\/v2\/media\/13713"}],"wp:attachment":[{"href":"https:\/\/www.indexwebmarketing.com\/pt-br\/wp-json\/wp\/v2\/media?parent=13709"}],"curies":[{"name":"wp","href":"https:\/\/api.w.org\/{rel}","templated":true}]}}