{"id":13720,"date":"2017-12-18T18:24:09","date_gmt":"2017-12-18T22:24:09","guid":{"rendered":"https:\/\/www.indexwebmarketing.com\/pt-br\/?page_id=13720"},"modified":"2018-01-02T19:34:04","modified_gmt":"2018-01-02T23:34:04","slug":"sites-responsivos","status":"publish","type":"page","link":"https:\/\/www.indexwebmarketing.com\/pt-br\/servicos\/website-design\/sites-responsivos\/","title":{"rendered":"Cria\u00e7\u00e3o de Sites Responsivos"},"content":{"rendered":"<p><span style=\"font-weight: 400;\">A <strong>cria\u00e7\u00e3o de vers\u00f5es de sites para dispositivos m\u00f3veis<\/strong> tornou-se um elemento que n\u00e3o pode mais ser negligenciado por empres\u00e1rios que desejam ter um bom posicionamento na internet.<\/span><\/p>\n<p><span style=\"font-weight: 400;\">Com a chegada dos smartphones e o lan\u00e7amento de redes de telecomunica\u00e7\u00f5es m\u00f3veis de quarta gera\u00e7\u00e3o (4G), mais e mais pessoas usam seu telefone para entretenimento, pesquisas na web e at\u00e9 compras on-line.<\/span><\/p>\n<p><span style=\"font-weight: 400;\">Ter um site preparado para dispositivos m\u00f3veis garante ao seu neg\u00f3cio uma maior visibilidade na internet, oferece aos usu\u00e1rios de smartphones uma experi\u00eancia mais agrad\u00e1vel ao navegar no seu site e, em \u00faltima inst\u00e2ncia, maximiza suas chances de atrair clientes potenciais e realizar vendas. <strong>Criar um site mobile<\/strong> \u00e9 um investimento que pode ser muito lucrativo no curto prazo!<\/span><\/p>\n<p><span style=\"font-weight: 400;\">Como no <a href=\"https:\/\/www.indexwebmarketing.com\/pt-br\/servicos\/web-design\">design de sites<\/a> para desktop convencional, o <strong>desenvolvimento de sites responsivos<\/b> requer seguir as melhores pr\u00e1ticas para que o site atenda as expectativas dos usu\u00e1rios da melhor maneira poss\u00edvel.<\/span><\/p>\n<p><span style=\"font-weight: 400;\">Entre outras coisas, seu <strong>site m\u00f3vel<\/strong> deve:<\/span><\/p>\n<ul>\n<li style=\"font-weight: 400;\"><span style=\"font-weight: 400;\">Ser responsivo \u00e0s pequenas telas, sejam tablets ou smartphones.<\/span><\/li>\n<li style=\"font-weight: 400;\"><span style=\"font-weight: 400;\">Conter apenas informa\u00e7\u00f5es \u00fateis e essenciais para o usu\u00e1rio, como seu endere\u00e7o, seu n\u00famero de telefone, seus hor\u00e1rios de abertura e os servi\u00e7os que voc\u00ea oferece.<\/span><\/li>\n<li style=\"font-weight: 400;\"><span style=\"font-weight: 400;\">Evitar imagens muito grandes. Imagens aumentam significativamente a velocidade de carregamento do site.<\/span><\/li>\n<li style=\"font-weight: 400;\"><span style=\"font-weight: 400;\">Estar conectado \u00e0s redes sociais.<\/span><\/li>\n<li style=\"font-weight: 400;\"><span style=\"font-weight: 400;\">Carregar rapidamente.<\/span><\/li>\n<\/ul>\n<p><span style=\"font-weight: 400;\">Al\u00e9m de projetar a vers\u00e3o voltada para dispositivos m\u00f3veis, nossos especialistas tamb\u00e9m podem ajud\u00e1-lo com <a href=\"https:\/\/www.indexwebmarketing.com\/pt-br\/servicos\/seo\">otimiza\u00e7\u00e3o de mecanismos de pesquisa (SEO)<\/a>, <a href=\"https:\/\/www.indexwebmarketing.com\/pt-br\/servicos\/publicidade-online\">publicidade on-line<\/a> e gerenciamento de redes sociais ligadas ao seu site m\u00f3vel.<\/span><\/p>\n","protected":false},"excerpt":{"rendered":"<p>A cria\u00e7\u00e3o de vers\u00f5es de sites para dispositivos m\u00f3veis tornou-se um elemento que n\u00e3o pode mais ser negligenciado por empres\u00e1rios que desejam ter um bom posicionamento na internet. Com a chegada dos smartphones e o lan\u00e7amento de redes de telecomunica\u00e7\u00f5es m\u00f3veis de quarta gera\u00e7\u00e3o (4G), mais e mais pessoas usam seu telefone para entretenimento, pesquisas [&hellip;]<\/p>\n","protected":false},"author":6,"featured_media":0,"parent":9161,"menu_order":0,"comment_status":"closed","ping_status":"open","template":"","meta":{"_et_pb_use_builder":"","_et_pb_old_content":"","_et_gb_content_width":"","footnotes":""},"class_list":["post-13720","page","type-page","status-publish","hentry"],"yoast_head":"<!-- This site is optimized with the Yoast SEO plugin v24.6 - https:\/\/yoast.com\/wordpress\/plugins\/seo\/ -->\n<title>Cria\u00e7\u00e3o de Sites Responsivos e Mobile | Ag\u00eancia Index Brasil, S\u00e3o Paulo<\/title>\n<meta name=\"description\" content=\"A Index Web Marketing oferece servi\u00e7os de cria\u00e7\u00e3o de sites m\u00f3veis para empres\u00e1rios. D\u00ea a sua empresa um site para usu\u00e1rios de smartphones.\" \/>\n<meta name=\"robots\" content=\"index, follow, max-snippet:-1, max-image-preview:large, max-video-preview:-1\" \/>\n<link rel=\"canonical\" href=\"https:\/\/www.indexwebmarketing.com\/pt-br\/servicos\/website-design\/sites-responsivos\/\" \/>\n<meta property=\"og:locale\" content=\"pt_BR\" \/>\n<meta property=\"og:type\" content=\"article\" \/>\n<meta property=\"og:title\" content=\"Cria\u00e7\u00e3o de Sites Responsivos e Mobile | Ag\u00eancia Index Brasil, S\u00e3o Paulo\" \/>\n<meta property=\"og:description\" content=\"A Index Web Marketing oferece servi\u00e7os de cria\u00e7\u00e3o de sites m\u00f3veis para empres\u00e1rios. D\u00ea a sua empresa um site para usu\u00e1rios de smartphones.\" \/>\n<meta property=\"og:url\" content=\"https:\/\/www.indexwebmarketing.com\/pt-br\/servicos\/website-design\/sites-responsivos\/\" \/>\n<meta property=\"og:site_name\" content=\"Index\" \/>\n<meta property=\"article:publisher\" content=\"https:\/\/www.facebook.com\/agenceindex\" \/>\n<meta property=\"article:modified_time\" content=\"2018-01-02T23:34:04+00:00\" \/>\n<meta property=\"og:image\" content=\"https:\/\/www.indexwebmarketing.com\/wp-content\/uploads\/2018\/08\/logorouge.png\" \/>\n\t<meta property=\"og:image:width\" content=\"1600\" \/>\n\t<meta property=\"og:image:height\" content=\"1600\" \/>\n\t<meta property=\"og:image:type\" content=\"image\/png\" \/>\n<meta name=\"twitter:label1\" content=\"Est. tempo de leitura\" \/>\n\t<meta name=\"twitter:data1\" content=\"1 minuto\" \/>\n<script type=\"application\/ld+json\" class=\"yoast-schema-graph\">{\"@context\":\"https:\/\/schema.org\",\"@graph\":[{\"@type\":\"WebPage\",\"@id\":\"https:\/\/www.indexwebmarketing.com\/pt-br\/servicos\/website-design\/sites-responsivos\/\",\"url\":\"https:\/\/www.indexwebmarketing.com\/pt-br\/servicos\/website-design\/sites-responsivos\/\",\"name\":\"Cria\u00e7\u00e3o de Sites Responsivos e Mobile | Ag\u00eancia Index Brasil, S\u00e3o Paulo\",\"isPartOf\":{\"@id\":\"https:\/\/www.indexwebmarketing.com\/#website\"},\"datePublished\":\"2017-12-18T22:24:09+00:00\",\"dateModified\":\"2018-01-02T23:34:04+00:00\",\"description\":\"A Index Web Marketing oferece servi\u00e7os de cria\u00e7\u00e3o de sites m\u00f3veis para empres\u00e1rios. D\u00ea a sua empresa um site para usu\u00e1rios de smartphones.\",\"breadcrumb\":{\"@id\":\"https:\/\/www.indexwebmarketing.com\/pt-br\/servicos\/website-design\/sites-responsivos\/#breadcrumb\"},\"inLanguage\":\"pt-BR\",\"potentialAction\":[{\"@type\":\"ReadAction\",\"target\":[\"https:\/\/www.indexwebmarketing.com\/pt-br\/servicos\/website-design\/sites-responsivos\/\"]}]},{\"@type\":\"BreadcrumbList\",\"@id\":\"https:\/\/www.indexwebmarketing.com\/pt-br\/servicos\/website-design\/sites-responsivos\/#breadcrumb\",\"itemListElement\":[{\"@type\":\"ListItem\",\"position\":1,\"name\":\"Home\",\"item\":\"https:\/\/www.indexwebmarketing.com\/pt-br\/\"},{\"@type\":\"ListItem\",\"position\":2,\"name\":\"Servi\u00e7os de Marketing Digital\",\"item\":\"https:\/\/www.indexwebmarketing.com\/pt-br\/servicos\/\"},{\"@type\":\"ListItem\",\"position\":3,\"name\":\"Cria\u00e7\u00e3o de Sites\",\"item\":\"https:\/\/www.indexwebmarketing.com\/pt-br\/servicos\/website-design\/\"},{\"@type\":\"ListItem\",\"position\":4,\"name\":\"Cria\u00e7\u00e3o de Sites Responsivos\"}]},{\"@type\":\"WebSite\",\"@id\":\"https:\/\/www.indexwebmarketing.com\/#website\",\"url\":\"https:\/\/www.indexwebmarketing.com\/\",\"name\":\"Index\",\"description\":\"The most trusted digital marketing agency.\",\"alternateName\":\"Index\",\"potentialAction\":[{\"@type\":\"SearchAction\",\"target\":{\"@type\":\"EntryPoint\",\"urlTemplate\":\"https:\/\/www.indexwebmarketing.com\/?s={search_term_string}\"},\"query-input\":{\"@type\":\"PropertyValueSpecification\",\"valueRequired\":true,\"valueName\":\"search_term_string\"}}],\"inLanguage\":\"pt-BR\"}]}<\/script>\n<!-- \/ Yoast SEO plugin. -->","yoast_head_json":{"title":"Cria\u00e7\u00e3o de Sites Responsivos e Mobile | Ag\u00eancia Index Brasil, S\u00e3o Paulo","description":"A Index Web Marketing oferece servi\u00e7os de cria\u00e7\u00e3o de sites m\u00f3veis para empres\u00e1rios. D\u00ea a sua empresa um site para usu\u00e1rios de smartphones.","robots":{"index":"index","follow":"follow","max-snippet":"max-snippet:-1","max-image-preview":"max-image-preview:large","max-video-preview":"max-video-preview:-1"},"canonical":"https:\/\/www.indexwebmarketing.com\/pt-br\/servicos\/website-design\/sites-responsivos\/","og_locale":"pt_BR","og_type":"article","og_title":"Cria\u00e7\u00e3o de Sites Responsivos e Mobile | Ag\u00eancia Index Brasil, S\u00e3o Paulo","og_description":"A Index Web Marketing oferece servi\u00e7os de cria\u00e7\u00e3o de sites m\u00f3veis para empres\u00e1rios. D\u00ea a sua empresa um site para usu\u00e1rios de smartphones.","og_url":"https:\/\/www.indexwebmarketing.com\/pt-br\/servicos\/website-design\/sites-responsivos\/","og_site_name":"Index","article_publisher":"https:\/\/www.facebook.com\/agenceindex","article_modified_time":"2018-01-02T23:34:04+00:00","og_image":[{"width":1600,"height":1600,"url":"https:\/\/www.indexwebmarketing.com\/wp-content\/uploads\/2018\/08\/logorouge.png","type":"image\/png"}],"twitter_misc":{"Est. tempo de leitura":"1 minuto"},"schema":{"@context":"https:\/\/schema.org","@graph":[{"@type":"WebPage","@id":"https:\/\/www.indexwebmarketing.com\/pt-br\/servicos\/website-design\/sites-responsivos\/","url":"https:\/\/www.indexwebmarketing.com\/pt-br\/servicos\/website-design\/sites-responsivos\/","name":"Cria\u00e7\u00e3o de Sites Responsivos e Mobile | Ag\u00eancia Index Brasil, S\u00e3o Paulo","isPartOf":{"@id":"https:\/\/www.indexwebmarketing.com\/#website"},"datePublished":"2017-12-18T22:24:09+00:00","dateModified":"2018-01-02T23:34:04+00:00","description":"A Index Web Marketing oferece servi\u00e7os de cria\u00e7\u00e3o de sites m\u00f3veis para empres\u00e1rios. D\u00ea a sua empresa um site para usu\u00e1rios de smartphones.","breadcrumb":{"@id":"https:\/\/www.indexwebmarketing.com\/pt-br\/servicos\/website-design\/sites-responsivos\/#breadcrumb"},"inLanguage":"pt-BR","potentialAction":[{"@type":"ReadAction","target":["https:\/\/www.indexwebmarketing.com\/pt-br\/servicos\/website-design\/sites-responsivos\/"]}]},{"@type":"BreadcrumbList","@id":"https:\/\/www.indexwebmarketing.com\/pt-br\/servicos\/website-design\/sites-responsivos\/#breadcrumb","itemListElement":[{"@type":"ListItem","position":1,"name":"Home","item":"https:\/\/www.indexwebmarketing.com\/pt-br\/"},{"@type":"ListItem","position":2,"name":"Servi\u00e7os de Marketing Digital","item":"https:\/\/www.indexwebmarketing.com\/pt-br\/servicos\/"},{"@type":"ListItem","position":3,"name":"Cria\u00e7\u00e3o de Sites","item":"https:\/\/www.indexwebmarketing.com\/pt-br\/servicos\/website-design\/"},{"@type":"ListItem","position":4,"name":"Cria\u00e7\u00e3o de Sites Responsivos"}]},{"@type":"WebSite","@id":"https:\/\/www.indexwebmarketing.com\/#website","url":"https:\/\/www.indexwebmarketing.com\/","name":"Index","description":"The most trusted digital marketing agency.","alternateName":"Index","potentialAction":[{"@type":"SearchAction","target":{"@type":"EntryPoint","urlTemplate":"https:\/\/www.indexwebmarketing.com\/?s={search_term_string}"},"query-input":{"@type":"PropertyValueSpecification","valueRequired":true,"valueName":"search_term_string"}}],"inLanguage":"pt-BR"}]}},"_links":{"self":[{"href":"https:\/\/www.indexwebmarketing.com\/pt-br\/wp-json\/wp\/v2\/pages\/13720","targetHints":{"allow":["GET"]}}],"collection":[{"href":"https:\/\/www.indexwebmarketing.com\/pt-br\/wp-json\/wp\/v2\/pages"}],"about":[{"href":"https:\/\/www.indexwebmarketing.com\/pt-br\/wp-json\/wp\/v2\/types\/page"}],"author":[{"embeddable":true,"href":"https:\/\/www.indexwebmarketing.com\/pt-br\/wp-json\/wp\/v2\/users\/6"}],"replies":[{"embeddable":true,"href":"https:\/\/www.indexwebmarketing.com\/pt-br\/wp-json\/wp\/v2\/comments?post=13720"}],"version-history":[{"count":0,"href":"https:\/\/www.indexwebmarketing.com\/pt-br\/wp-json\/wp\/v2\/pages\/13720\/revisions"}],"up":[{"embeddable":true,"href":"https:\/\/www.indexwebmarketing.com\/pt-br\/wp-json\/wp\/v2\/pages\/9161"}],"wp:attachment":[{"href":"https:\/\/www.indexwebmarketing.com\/pt-br\/wp-json\/wp\/v2\/media?parent=13720"}],"curies":[{"name":"wp","href":"https:\/\/api.w.org\/{rel}","templated":true}]}}