{"id":13722,"date":"2018-01-02T18:33:39","date_gmt":"2018-01-02T22:33:39","guid":{"rendered":"https:\/\/www.indexwebmarketing.com\/pt-br\/?page_id=13722"},"modified":"2023-01-12T14:06:07","modified_gmt":"2023-01-12T18:06:07","slug":"curso-marketing-digital","status":"publish","type":"page","link":"https:\/\/www.indexwebmarketing.com\/pt-br\/servicos\/curso-marketing-digital\/","title":{"rendered":"Curso De Marketing Digital"},"content":{"rendered":"<p style=\"text-align: left;\"><span style=\"font-weight: 400;\">Obtenha aconselhamento personalizado de <\/span><b>especialistas em web marketing.<\/b><\/p>\n<p style=\"text-align: left;\"><span style=\"font-weight: 400;\">Nossos consultores est\u00e3o dispon\u00edveis para dar treinamentos em marketing digital: SEO, Google Adwords, Facebook Ads e Google Analytics.<\/span><\/p>\n<p style=\"text-align: left;\"><span style=\"font-weight: 400;\">Voc\u00ea tamb\u00e9m pode optar por consultas telef\u00f4nicas para ajud\u00e1-lo a entender melhor o funcionamento do mundo do marketing na web e o que \u00e9 necess\u00e1rio para tornar as suas campanhas um sucesso.<\/span><\/p>\n<p style=\"text-align: left;\"><span style=\"font-weight: 400;\">Embora cubra uma variedade de t\u00f3picos durante o treinamento, nossos assessores ir\u00e3o rever seu site e suas campanhas de SEM apresentando as melhores pr\u00e1ticas do setor.<\/span><\/p>\n<p style=\"text-align: left;\"><span style=\"font-weight: 400;\">Oferecemos treinamento empresarial, individual ou em grupo sob a forma de workshops.<\/span><\/p>\n<p style=\"text-align: left;\"><span style=\"font-weight: 400;\">Os seguintes <\/span><b>cursos de treinamento em marketing na internet <\/b><span style=\"font-weight: 400;\">est\u00e3o dispon\u00edveis agora:<\/span><\/p>\n<p style=\"text-align: left;\"><strong><a href=\"https:\/\/www.indexwebmarketing.com\/pt-br\/servicos\/curso-marketing-digital\/curso-google-adwords\">Curso do Google AdWords<\/a><\/strong><\/p>\n<p style=\"text-align: left;\"><span style=\"font-weight: 400;\">Outros cursos ser\u00e3o anunciados em breve.<\/span><\/p>\n<p style=\"text-align: left;\"><span style=\"font-weight: 400;\">Se voc\u00ea quiser que sua empresa aproveite nosso <\/span><b>treinamento de marketing digital<\/b><span style=\"font-weight: 400;\">, entre em contato conosco usando <a href=\"https:\/\/www.indexwebmarketing.com\/pt-br\/contato\">nosso formul\u00e1rio on-line<\/a>.<\/span><\/p>\n","protected":false},"excerpt":{"rendered":"<p>Obtenha aconselhamento personalizado de especialistas em web marketing. Nossos consultores est\u00e3o dispon\u00edveis para dar treinamentos em marketing digital: SEO, Google Adwords, Facebook Ads e Google Analytics. Voc\u00ea tamb\u00e9m pode optar por consultas telef\u00f4nicas para ajud\u00e1-lo a entender melhor o funcionamento do mundo do marketing na web e o que \u00e9 necess\u00e1rio para tornar as suas [&hellip;]<\/p>\n","protected":false},"author":6,"featured_media":0,"parent":9144,"menu_order":2,"comment_status":"open","ping_status":"open","template":"page-templates\/template-services-formations-web-marketing.php","meta":{"_et_pb_use_builder":"","_et_pb_old_content":"","_et_gb_content_width":"","footnotes":""},"class_list":["post-13722","page","type-page","status-publish","hentry"],"yoast_head":"<!-- This site is optimized with the Yoast SEO plugin v24.6 - https:\/\/yoast.com\/wordpress\/plugins\/seo\/ -->\n<title>Cursos de Marketing Digital | Web Marketing Training Institute<\/title>\n<meta name=\"description\" content=\"A Index oferece programas de treinamento em marketing digital em formato individual ou em grupo para empresas.\" \/>\n<meta name=\"robots\" content=\"index, follow, max-snippet:-1, max-image-preview:large, max-video-preview:-1\" \/>\n<link rel=\"canonical\" href=\"https:\/\/www.indexwebmarketing.com\/pt-br\/servicos\/curso-marketing-digital\/\" \/>\n<meta property=\"og:locale\" content=\"pt_BR\" \/>\n<meta property=\"og:type\" content=\"article\" \/>\n<meta property=\"og:title\" content=\"Cursos de Marketing Digital | Web Marketing Training Institute\" \/>\n<meta property=\"og:description\" content=\"A Index oferece programas de treinamento em marketing digital em formato individual ou em grupo para empresas.\" \/>\n<meta property=\"og:url\" content=\"https:\/\/www.indexwebmarketing.com\/pt-br\/servicos\/curso-marketing-digital\/\" \/>\n<meta property=\"og:site_name\" content=\"Index\" \/>\n<meta property=\"article:publisher\" content=\"https:\/\/www.facebook.com\/agenceindex\" \/>\n<meta property=\"article:modified_time\" content=\"2023-01-12T18:06:07+00:00\" \/>\n<meta property=\"og:image\" content=\"https:\/\/www.indexwebmarketing.com\/wp-content\/uploads\/2018\/08\/logorouge.png\" \/>\n\t<meta property=\"og:image:width\" content=\"1600\" \/>\n\t<meta property=\"og:image:height\" content=\"1600\" \/>\n\t<meta property=\"og:image:type\" content=\"image\/png\" \/>\n<meta name=\"twitter:label1\" content=\"Est. tempo de leitura\" \/>\n\t<meta name=\"twitter:data1\" content=\"1 minuto\" \/>\n<script type=\"application\/ld+json\" class=\"yoast-schema-graph\">{\"@context\":\"https:\/\/schema.org\",\"@graph\":[{\"@type\":\"WebPage\",\"@id\":\"https:\/\/www.indexwebmarketing.com\/pt-br\/servicos\/curso-marketing-digital\/\",\"url\":\"https:\/\/www.indexwebmarketing.com\/pt-br\/servicos\/curso-marketing-digital\/\",\"name\":\"Cursos de Marketing Digital | Web Marketing Training Institute\",\"isPartOf\":{\"@id\":\"https:\/\/www.indexwebmarketing.com\/#website\"},\"datePublished\":\"2018-01-02T22:33:39+00:00\",\"dateModified\":\"2023-01-12T18:06:07+00:00\",\"description\":\"A Index oferece programas de treinamento em marketing digital em formato individual ou em grupo para empresas.\",\"breadcrumb\":{\"@id\":\"https:\/\/www.indexwebmarketing.com\/pt-br\/servicos\/curso-marketing-digital\/#breadcrumb\"},\"inLanguage\":\"pt-BR\",\"potentialAction\":[{\"@type\":\"ReadAction\",\"target\":[\"https:\/\/www.indexwebmarketing.com\/pt-br\/servicos\/curso-marketing-digital\/\"]}]},{\"@type\":\"BreadcrumbList\",\"@id\":\"https:\/\/www.indexwebmarketing.com\/pt-br\/servicos\/curso-marketing-digital\/#breadcrumb\",\"itemListElement\":[{\"@type\":\"ListItem\",\"position\":1,\"name\":\"Home\",\"item\":\"https:\/\/www.indexwebmarketing.com\/pt-br\/\"},{\"@type\":\"ListItem\",\"position\":2,\"name\":\"Servi\u00e7os de Marketing Digital\",\"item\":\"https:\/\/www.indexwebmarketing.com\/pt-br\/servicos\/\"},{\"@type\":\"ListItem\",\"position\":3,\"name\":\"Curso De Marketing Digital\"}]},{\"@type\":\"WebSite\",\"@id\":\"https:\/\/www.indexwebmarketing.com\/#website\",\"url\":\"https:\/\/www.indexwebmarketing.com\/\",\"name\":\"Index\",\"description\":\"The most trusted digital marketing agency.\",\"alternateName\":\"Index\",\"potentialAction\":[{\"@type\":\"SearchAction\",\"target\":{\"@type\":\"EntryPoint\",\"urlTemplate\":\"https:\/\/www.indexwebmarketing.com\/?s={search_term_string}\"},\"query-input\":{\"@type\":\"PropertyValueSpecification\",\"valueRequired\":true,\"valueName\":\"search_term_string\"}}],\"inLanguage\":\"pt-BR\"}]}<\/script>\n<!-- \/ Yoast SEO plugin. -->","yoast_head_json":{"title":"Cursos de Marketing Digital | Web Marketing Training Institute","description":"A Index oferece programas de treinamento em marketing digital em formato individual ou em grupo para empresas.","robots":{"index":"index","follow":"follow","max-snippet":"max-snippet:-1","max-image-preview":"max-image-preview:large","max-video-preview":"max-video-preview:-1"},"canonical":"https:\/\/www.indexwebmarketing.com\/pt-br\/servicos\/curso-marketing-digital\/","og_locale":"pt_BR","og_type":"article","og_title":"Cursos de Marketing Digital | Web Marketing Training Institute","og_description":"A Index oferece programas de treinamento em marketing digital em formato individual ou em grupo para empresas.","og_url":"https:\/\/www.indexwebmarketing.com\/pt-br\/servicos\/curso-marketing-digital\/","og_site_name":"Index","article_publisher":"https:\/\/www.facebook.com\/agenceindex","article_modified_time":"2023-01-12T18:06:07+00:00","og_image":[{"width":1600,"height":1600,"url":"https:\/\/www.indexwebmarketing.com\/wp-content\/uploads\/2018\/08\/logorouge.png","type":"image\/png"}],"twitter_misc":{"Est. tempo de leitura":"1 minuto"},"schema":{"@context":"https:\/\/schema.org","@graph":[{"@type":"WebPage","@id":"https:\/\/www.indexwebmarketing.com\/pt-br\/servicos\/curso-marketing-digital\/","url":"https:\/\/www.indexwebmarketing.com\/pt-br\/servicos\/curso-marketing-digital\/","name":"Cursos de Marketing Digital | Web Marketing Training Institute","isPartOf":{"@id":"https:\/\/www.indexwebmarketing.com\/#website"},"datePublished":"2018-01-02T22:33:39+00:00","dateModified":"2023-01-12T18:06:07+00:00","description":"A Index oferece programas de treinamento em marketing digital em formato individual ou em grupo para empresas.","breadcrumb":{"@id":"https:\/\/www.indexwebmarketing.com\/pt-br\/servicos\/curso-marketing-digital\/#breadcrumb"},"inLanguage":"pt-BR","potentialAction":[{"@type":"ReadAction","target":["https:\/\/www.indexwebmarketing.com\/pt-br\/servicos\/curso-marketing-digital\/"]}]},{"@type":"BreadcrumbList","@id":"https:\/\/www.indexwebmarketing.com\/pt-br\/servicos\/curso-marketing-digital\/#breadcrumb","itemListElement":[{"@type":"ListItem","position":1,"name":"Home","item":"https:\/\/www.indexwebmarketing.com\/pt-br\/"},{"@type":"ListItem","position":2,"name":"Servi\u00e7os de Marketing Digital","item":"https:\/\/www.indexwebmarketing.com\/pt-br\/servicos\/"},{"@type":"ListItem","position":3,"name":"Curso De Marketing Digital"}]},{"@type":"WebSite","@id":"https:\/\/www.indexwebmarketing.com\/#website","url":"https:\/\/www.indexwebmarketing.com\/","name":"Index","description":"The most trusted digital marketing agency.","alternateName":"Index","potentialAction":[{"@type":"SearchAction","target":{"@type":"EntryPoint","urlTemplate":"https:\/\/www.indexwebmarketing.com\/?s={search_term_string}"},"query-input":{"@type":"PropertyValueSpecification","valueRequired":true,"valueName":"search_term_string"}}],"inLanguage":"pt-BR"}]}},"_links":{"self":[{"href":"https:\/\/www.indexwebmarketing.com\/pt-br\/wp-json\/wp\/v2\/pages\/13722","targetHints":{"allow":["GET"]}}],"collection":[{"href":"https:\/\/www.indexwebmarketing.com\/pt-br\/wp-json\/wp\/v2\/pages"}],"about":[{"href":"https:\/\/www.indexwebmarketing.com\/pt-br\/wp-json\/wp\/v2\/types\/page"}],"author":[{"embeddable":true,"href":"https:\/\/www.indexwebmarketing.com\/pt-br\/wp-json\/wp\/v2\/users\/6"}],"replies":[{"embeddable":true,"href":"https:\/\/www.indexwebmarketing.com\/pt-br\/wp-json\/wp\/v2\/comments?post=13722"}],"version-history":[{"count":0,"href":"https:\/\/www.indexwebmarketing.com\/pt-br\/wp-json\/wp\/v2\/pages\/13722\/revisions"}],"up":[{"embeddable":true,"href":"https:\/\/www.indexwebmarketing.com\/pt-br\/wp-json\/wp\/v2\/pages\/9144"}],"wp:attachment":[{"href":"https:\/\/www.indexwebmarketing.com\/pt-br\/wp-json\/wp\/v2\/media?parent=13722"}],"curies":[{"name":"wp","href":"https:\/\/api.w.org\/{rel}","templated":true}]}}