{"id":16112,"date":"2010-10-08T04:55:52","date_gmt":"2010-10-08T04:55:52","guid":{"rendered":"https:\/\/www.indexwebmarketing.com\/about"},"modified":"2023-01-11T10:38:23","modified_gmt":"2023-01-11T14:38:23","slug":"sobre-nos","status":"publish","type":"page","link":"https:\/\/www.indexwebmarketing.com\/pt-br\/sobre-nos\/","title":{"rendered":"Nossa ag\u00eancia"},"content":{"rendered":"\r\n<section class=\"pb-5\">\r\n<div class=\"jumbotron jumbotron-fluid bg-transparent mb-0\">\r\n<div class=\"container\">\r\n<div class=\"row justify-content-start align-items-center\">\r\n<div class=\"col-12 col-lg-6\">\r\n<h3>Index stands out thanks to its strong understanding of all aspects of your web project<\/h3>\r\n<p class=\"text-black-50\">When creating a website, we are not satisfied with just a beautiful, ergonomic and functional website. We want to make your website visible. We believe it is pointless to create a website if nobody sees it, that is why each and every one of our websites is SEO-friendly.<\/p>\r\n<p class=\"mt-3 mb-0\"><a class=\"btn btn-lg btn-red\" href=\"https:\/\/www.indexwebmarketing.com\/en\/contact-us\/\">Contact us<\/a><\/p>\r\n\r\n<\/div>\r\n<div class=\"col-12 col-md-9 col-lg-6 order-first order-lg-last\"><img decoding=\"async\" class=\"img-fluid low-contrast mb-3 mb-lg-0\" src=\"\/wp-content\/uploads\/2018\/07\/agency2.png\" alt=\"\"><\/div>\r\n<\/div>\r\n<\/div>\r\n<\/div>\r\n<\/section>\r\n\r\n\r\n\r\n<section id=\"ratio-mandats\" class=\"jumbotron jumbotron-fluid bg-dark text-center mb-0\">\r\n<div class=\"container\">\r\n<h2 class=\"text-red\">500<\/h2>\r\n<h3 class=\"w-md-75 mx-auto text-white\">Over 500 mandates with more than 120 partners.<\/h3>\r\n<\/div>\r\n<\/section>\r\n\r\n\r\n\r\n<section class=\"py-5\">\r\n<div class=\"jumbotron jumbotron-fluid bg-transparent mb-0\">\r\n<div class=\"container\">\r\n<div class=\"row justify-content-end align-items-center\">\r\n<div class=\"col-12 col-md-9 col-lg-6\"><img decoding=\"async\" class=\"img-fluid low-contrast mb-3 mb-lg-0\" src=\"\/wp-content\/uploads\/2018\/07\/agency1.png\" alt=\"\"><\/div>\r\n<div class=\"col-12 col-lg-6 text-right\">\r\n<h3>Because each customer is master of his own domain<\/h3>\r\n<p class=\"text-black-50\">Index distinguishes itself by its ability to simplify internet jargon. The success of a project is directly attributable to the skills of a great digital marketing firm. For Index, the best product will always be the marriage between our expertise and that of our client: ours and that of the customer.<\/p>\r\n<p class=\"mt-3 mb-0\"><a class=\"btn btn-lg btn-red\" href=\"https:\/\/www.indexwebmarketing.com\/en\/contact-us\/\">\r\nContact us\r\n<\/a><\/p>\r\n\r\n<\/div>\r\n<\/div>\r\n<\/div>\r\n<\/div>\r\n<\/section>\r\n\r\n\r\n\r\n<section class=\"py-5\">\r\n<div class=\"container\">\r\n<div class=\"embed-responsive embed-responsive-16by9 mx-auto w-md-75\"><iframe loading=\"lazy\" class=\"embed-responsive-item\" src=\"https:\/\/www.youtube.com\/embed\/JRMYOp_Fjm0\" width=\"560\" height=\"315\" frameborder=\"0\" allowfullscreen=\"allowfullscreen\"><\/iframe><\/div>\r\n<\/div>\r\n<\/section>\r\n\r\n\r\n\r\n<section class=\"py-5\">\r\n<div class=\"jumbotron jumbotron-fluid bg-transparent text-center py-5 my-5\">\r\n<div class=\"container w-md-75 mx-auto\">\r\n<h2 class=\"text-red mb-5\">Index is committed to exceeding the expectations of clients, partners, and shareholders by offering cutting-edge performance solutions.<\/h2>\r\n<a class=\"btn btn-lg btn-dark text-white\" href=\"https:\/\/www.indexwebmarketing.com\/en\/products\/\">\r\nDiscover our solutions\r\n<\/a>\r\n\r\n<\/div>\r\n<\/div>\r\n<\/section>\r\n\r\n\r\n\r\n<section class=\"py-5\">\r\n<div class=\"container\">\r\n<div class=\"jumbotron jumbotron-fluid bg-transparent py-5 mb-0 text-center\">\r\n<h1 class=\"text-dark\">Our values<\/h1>\r\n<\/div>\r\n<div class=\"row align-items-center\">\r\n<div class=\"col-12 col-md-7\">\r\n<p class=\"lead\"><strong>We believe that a positive work environment leads to superior results. With this in mind, we created a modern agency that emphasizes self-realization, respect and teamwork.<\/strong><\/p>\r\n<p class=\"lead\"><strong>Our common goal is to exceed our clients\u2019 expectations and, by combining our various strengths and experiences, we strive to achieve the best results for our clients.<\/strong><\/p>\r\n\r\n<\/div>\r\n<div class=\"col-12 col-md-5 offset-lg-1 col-lg-4 order-first order-md-last text-center text-md-left mb-5 mb-md-0\">\r\n<h2 class=\"text-red\">Results<\/h2>\r\n<h2 class=\"text-red\">Transparency<\/h2>\r\n<h2 class=\"text-red\">Innovation<\/h2>\r\n<h2 class=\"text-red\">Proactivity<\/h2>\r\n<\/div>\r\n<\/div>\r\n<\/div>\r\n<\/section>\r\n","protected":false},"excerpt":{"rendered":"<p>Index stands out thanks to its strong understanding of all aspects of your web project When creating a website, we are not satisfied with just a beautiful, ergonomic and functional website. We want to make your website visible. We believe it is pointless to create a website if nobody sees it, that is why each [&hellip;]<\/p>\n","protected":false},"author":1,"featured_media":0,"parent":0,"menu_order":7,"comment_status":"open","ping_status":"open","template":"page-templates\/template-about.php","meta":{"_et_pb_use_builder":"","_et_pb_old_content":"","_et_gb_content_width":"","footnotes":""},"class_list":["post-16112","page","type-page","status-publish","hentry"],"yoast_head":"<!-- This site is optimized with the Yoast SEO plugin v24.6 - https:\/\/yoast.com\/wordpress\/plugins\/seo\/ -->\n<title>Ag\u00eancia de web Marketing | Index<\/title>\n<meta name=\"description\" content=\"A Index Web Marketing \u00e9 uma ag\u00eancia de comunica\u00e7\u00e3o na Web em Montreal que d\u00e1 visibilidade na Internet \u00e0 sua imagem de marca. Entre em contato com nossa ag\u00eancia\" \/>\n<meta name=\"robots\" content=\"index, follow, max-snippet:-1, max-image-preview:large, max-video-preview:-1\" \/>\n<link rel=\"canonical\" href=\"https:\/\/www.indexwebmarketing.com\/pt-br\/sobre-nos\/\" \/>\n<meta property=\"og:locale\" content=\"pt_BR\" \/>\n<meta property=\"og:type\" content=\"article\" \/>\n<meta property=\"og:title\" content=\"Ag\u00eancia de web Marketing | Index\" \/>\n<meta property=\"og:description\" content=\"A Index Web Marketing \u00e9 uma ag\u00eancia de comunica\u00e7\u00e3o na Web em Montreal que d\u00e1 visibilidade na Internet \u00e0 sua imagem de marca. Entre em contato com nossa ag\u00eancia\" \/>\n<meta property=\"og:url\" content=\"https:\/\/www.indexwebmarketing.com\/pt-br\/sobre-nos\/\" \/>\n<meta property=\"og:site_name\" content=\"Index\" \/>\n<meta property=\"article:publisher\" content=\"https:\/\/www.facebook.com\/agenceindex\" \/>\n<meta property=\"article:modified_time\" content=\"2023-01-11T14:38:23+00:00\" \/>\n<meta property=\"og:image\" content=\"https:\/\/www.indexwebmarketing.com\/wp-content\/uploads\/2018\/08\/logorouge.png\" \/>\n\t<meta property=\"og:image:width\" content=\"1600\" \/>\n\t<meta property=\"og:image:height\" content=\"1600\" \/>\n\t<meta property=\"og:image:type\" content=\"image\/png\" \/>\n<meta name=\"twitter:label1\" content=\"Est. tempo de leitura\" \/>\n\t<meta name=\"twitter:data1\" content=\"2 minutos\" \/>\n<script type=\"application\/ld+json\" class=\"yoast-schema-graph\">{\"@context\":\"https:\/\/schema.org\",\"@graph\":[{\"@type\":\"WebPage\",\"@id\":\"https:\/\/www.indexwebmarketing.com\/pt-br\/sobre-nos\/\",\"url\":\"https:\/\/www.indexwebmarketing.com\/pt-br\/sobre-nos\/\",\"name\":\"Ag\u00eancia de web Marketing | Index\",\"isPartOf\":{\"@id\":\"https:\/\/www.indexwebmarketing.com\/#website\"},\"datePublished\":\"2010-10-08T04:55:52+00:00\",\"dateModified\":\"2023-01-11T14:38:23+00:00\",\"description\":\"A Index Web Marketing \u00e9 uma ag\u00eancia de comunica\u00e7\u00e3o na Web em Montreal que d\u00e1 visibilidade na Internet \u00e0 sua imagem de marca. Entre em contato com nossa ag\u00eancia\",\"breadcrumb\":{\"@id\":\"https:\/\/www.indexwebmarketing.com\/pt-br\/sobre-nos\/#breadcrumb\"},\"inLanguage\":\"pt-BR\",\"potentialAction\":[{\"@type\":\"ReadAction\",\"target\":[\"https:\/\/www.indexwebmarketing.com\/pt-br\/sobre-nos\/\"]}]},{\"@type\":\"BreadcrumbList\",\"@id\":\"https:\/\/www.indexwebmarketing.com\/pt-br\/sobre-nos\/#breadcrumb\",\"itemListElement\":[{\"@type\":\"ListItem\",\"position\":1,\"name\":\"Home\",\"item\":\"https:\/\/www.indexwebmarketing.com\/pt-br\/\"},{\"@type\":\"ListItem\",\"position\":2,\"name\":\"Nossa ag\u00eancia\"}]},{\"@type\":\"WebSite\",\"@id\":\"https:\/\/www.indexwebmarketing.com\/#website\",\"url\":\"https:\/\/www.indexwebmarketing.com\/\",\"name\":\"Index\",\"description\":\"The most trusted digital marketing agency.\",\"alternateName\":\"Index\",\"potentialAction\":[{\"@type\":\"SearchAction\",\"target\":{\"@type\":\"EntryPoint\",\"urlTemplate\":\"https:\/\/www.indexwebmarketing.com\/?s={search_term_string}\"},\"query-input\":{\"@type\":\"PropertyValueSpecification\",\"valueRequired\":true,\"valueName\":\"search_term_string\"}}],\"inLanguage\":\"pt-BR\"}]}<\/script>\n<!-- \/ Yoast SEO plugin. -->","yoast_head_json":{"title":"Ag\u00eancia de web Marketing | Index","description":"A Index Web Marketing \u00e9 uma ag\u00eancia de comunica\u00e7\u00e3o na Web em Montreal que d\u00e1 visibilidade na Internet \u00e0 sua imagem de marca. Entre em contato com nossa ag\u00eancia","robots":{"index":"index","follow":"follow","max-snippet":"max-snippet:-1","max-image-preview":"max-image-preview:large","max-video-preview":"max-video-preview:-1"},"canonical":"https:\/\/www.indexwebmarketing.com\/pt-br\/sobre-nos\/","og_locale":"pt_BR","og_type":"article","og_title":"Ag\u00eancia de web Marketing | Index","og_description":"A Index Web Marketing \u00e9 uma ag\u00eancia de comunica\u00e7\u00e3o na Web em Montreal que d\u00e1 visibilidade na Internet \u00e0 sua imagem de marca. Entre em contato com nossa ag\u00eancia","og_url":"https:\/\/www.indexwebmarketing.com\/pt-br\/sobre-nos\/","og_site_name":"Index","article_publisher":"https:\/\/www.facebook.com\/agenceindex","article_modified_time":"2023-01-11T14:38:23+00:00","og_image":[{"width":1600,"height":1600,"url":"https:\/\/www.indexwebmarketing.com\/wp-content\/uploads\/2018\/08\/logorouge.png","type":"image\/png"}],"twitter_misc":{"Est. tempo de leitura":"2 minutos"},"schema":{"@context":"https:\/\/schema.org","@graph":[{"@type":"WebPage","@id":"https:\/\/www.indexwebmarketing.com\/pt-br\/sobre-nos\/","url":"https:\/\/www.indexwebmarketing.com\/pt-br\/sobre-nos\/","name":"Ag\u00eancia de web Marketing | Index","isPartOf":{"@id":"https:\/\/www.indexwebmarketing.com\/#website"},"datePublished":"2010-10-08T04:55:52+00:00","dateModified":"2023-01-11T14:38:23+00:00","description":"A Index Web Marketing \u00e9 uma ag\u00eancia de comunica\u00e7\u00e3o na Web em Montreal que d\u00e1 visibilidade na Internet \u00e0 sua imagem de marca. Entre em contato com nossa ag\u00eancia","breadcrumb":{"@id":"https:\/\/www.indexwebmarketing.com\/pt-br\/sobre-nos\/#breadcrumb"},"inLanguage":"pt-BR","potentialAction":[{"@type":"ReadAction","target":["https:\/\/www.indexwebmarketing.com\/pt-br\/sobre-nos\/"]}]},{"@type":"BreadcrumbList","@id":"https:\/\/www.indexwebmarketing.com\/pt-br\/sobre-nos\/#breadcrumb","itemListElement":[{"@type":"ListItem","position":1,"name":"Home","item":"https:\/\/www.indexwebmarketing.com\/pt-br\/"},{"@type":"ListItem","position":2,"name":"Nossa ag\u00eancia"}]},{"@type":"WebSite","@id":"https:\/\/www.indexwebmarketing.com\/#website","url":"https:\/\/www.indexwebmarketing.com\/","name":"Index","description":"The most trusted digital marketing agency.","alternateName":"Index","potentialAction":[{"@type":"SearchAction","target":{"@type":"EntryPoint","urlTemplate":"https:\/\/www.indexwebmarketing.com\/?s={search_term_string}"},"query-input":{"@type":"PropertyValueSpecification","valueRequired":true,"valueName":"search_term_string"}}],"inLanguage":"pt-BR"}]}},"_links":{"self":[{"href":"https:\/\/www.indexwebmarketing.com\/pt-br\/wp-json\/wp\/v2\/pages\/16112","targetHints":{"allow":["GET"]}}],"collection":[{"href":"https:\/\/www.indexwebmarketing.com\/pt-br\/wp-json\/wp\/v2\/pages"}],"about":[{"href":"https:\/\/www.indexwebmarketing.com\/pt-br\/wp-json\/wp\/v2\/types\/page"}],"author":[{"embeddable":true,"href":"https:\/\/www.indexwebmarketing.com\/pt-br\/wp-json\/wp\/v2\/users\/1"}],"replies":[{"embeddable":true,"href":"https:\/\/www.indexwebmarketing.com\/pt-br\/wp-json\/wp\/v2\/comments?post=16112"}],"version-history":[{"count":0,"href":"https:\/\/www.indexwebmarketing.com\/pt-br\/wp-json\/wp\/v2\/pages\/16112\/revisions"}],"wp:attachment":[{"href":"https:\/\/www.indexwebmarketing.com\/pt-br\/wp-json\/wp\/v2\/media?parent=16112"}],"curies":[{"name":"wp","href":"https:\/\/api.w.org\/{rel}","templated":true}]}}