{"id":17806,"date":"2023-01-12T09:33:32","date_gmt":"2023-01-12T13:33:32","guid":{"rendered":"https:\/\/www.indexwebmarketing.com\/?page_id=17806"},"modified":"2023-01-12T09:33:32","modified_gmt":"2023-01-12T13:33:32","slug":"educacao","status":"publish","type":"page","link":"https:\/\/www.indexwebmarketing.com\/pt-br\/atuacao\/educacao\/","title":{"rendered":"Educa\u00e7\u00e3o"},"content":{"rendered":"","protected":false},"excerpt":{"rendered":"","protected":false},"author":33,"featured_media":0,"parent":17802,"menu_order":0,"comment_status":"closed","ping_status":"closed","template":"page-templates\/template-industries-education.php","meta":{"_et_pb_use_builder":"","_et_pb_old_content":"","_et_gb_content_width":"","footnotes":""},"class_list":["post-17806","page","type-page","status-publish","hentry"],"yoast_head":"<!-- This site is optimized with the Yoast SEO plugin v24.6 - https:\/\/yoast.com\/wordpress\/plugins\/seo\/ -->\n<title>Ag\u00eancia de marketing especializada em educa\u00e7\u00e3o | Index<\/title>\n<meta name=\"description\" content=\"A Index trabalha com diversas institui\u00e7\u00f5es de ensino de prest\u00edgio e contribui muito para o sucesso das atividades de recrutamento para diversos programas.\" \/>\n<meta name=\"robots\" content=\"index, follow, max-snippet:-1, max-image-preview:large, max-video-preview:-1\" \/>\n<link rel=\"canonical\" href=\"https:\/\/www.indexwebmarketing.com\/pt-br\/atuacao\/educacao\/\" \/>\n<meta property=\"og:locale\" content=\"pt_BR\" \/>\n<meta property=\"og:type\" content=\"article\" \/>\n<meta property=\"og:title\" content=\"Ag\u00eancia de marketing especializada em educa\u00e7\u00e3o | Index\" \/>\n<meta property=\"og:description\" content=\"A Index trabalha com diversas institui\u00e7\u00f5es de ensino de prest\u00edgio e contribui muito para o sucesso das atividades de recrutamento para diversos programas.\" \/>\n<meta property=\"og:url\" content=\"https:\/\/www.indexwebmarketing.com\/pt-br\/atuacao\/educacao\/\" \/>\n<meta property=\"og:site_name\" content=\"Index\" \/>\n<meta property=\"article:publisher\" content=\"https:\/\/www.facebook.com\/agenceindex\" \/>\n<meta property=\"og:image\" content=\"https:\/\/www.indexwebmarketing.com\/wp-content\/uploads\/2018\/08\/logorouge.png\" \/>\n\t<meta property=\"og:image:width\" content=\"1600\" \/>\n\t<meta property=\"og:image:height\" content=\"1600\" \/>\n\t<meta property=\"og:image:type\" content=\"image\/png\" \/>\n<script type=\"application\/ld+json\" class=\"yoast-schema-graph\">{\"@context\":\"https:\/\/schema.org\",\"@graph\":[{\"@type\":\"WebPage\",\"@id\":\"https:\/\/www.indexwebmarketing.com\/pt-br\/atuacao\/educacao\/\",\"url\":\"https:\/\/www.indexwebmarketing.com\/pt-br\/atuacao\/educacao\/\",\"name\":\"Ag\u00eancia de marketing especializada em educa\u00e7\u00e3o | Index\",\"isPartOf\":{\"@id\":\"https:\/\/www.indexwebmarketing.com\/#website\"},\"datePublished\":\"2023-01-12T13:33:32+00:00\",\"description\":\"A Index trabalha com diversas institui\u00e7\u00f5es de ensino de prest\u00edgio e contribui muito para o sucesso das atividades de recrutamento para diversos programas.\",\"breadcrumb\":{\"@id\":\"https:\/\/www.indexwebmarketing.com\/pt-br\/atuacao\/educacao\/#breadcrumb\"},\"inLanguage\":\"pt-BR\",\"potentialAction\":[{\"@type\":\"ReadAction\",\"target\":[\"https:\/\/www.indexwebmarketing.com\/pt-br\/atuacao\/educacao\/\"]}]},{\"@type\":\"BreadcrumbList\",\"@id\":\"https:\/\/www.indexwebmarketing.com\/pt-br\/atuacao\/educacao\/#breadcrumb\",\"itemListElement\":[{\"@type\":\"ListItem\",\"position\":1,\"name\":\"Home\",\"item\":\"https:\/\/www.indexwebmarketing.com\/pt-br\/\"},{\"@type\":\"ListItem\",\"position\":2,\"name\":\"Atua\u00e7\u00e3o\",\"item\":\"https:\/\/www.indexwebmarketing.com\/pt-br\/atuacao\/\"},{\"@type\":\"ListItem\",\"position\":3,\"name\":\"Educa\u00e7\u00e3o\"}]},{\"@type\":\"WebSite\",\"@id\":\"https:\/\/www.indexwebmarketing.com\/#website\",\"url\":\"https:\/\/www.indexwebmarketing.com\/\",\"name\":\"Index\",\"description\":\"The most trusted digital marketing agency.\",\"alternateName\":\"Index\",\"potentialAction\":[{\"@type\":\"SearchAction\",\"target\":{\"@type\":\"EntryPoint\",\"urlTemplate\":\"https:\/\/www.indexwebmarketing.com\/?s={search_term_string}\"},\"query-input\":{\"@type\":\"PropertyValueSpecification\",\"valueRequired\":true,\"valueName\":\"search_term_string\"}}],\"inLanguage\":\"pt-BR\"}]}<\/script>\n<!-- \/ Yoast SEO plugin. -->","yoast_head_json":{"title":"Ag\u00eancia de marketing especializada em educa\u00e7\u00e3o | Index","description":"A Index trabalha com diversas institui\u00e7\u00f5es de ensino de prest\u00edgio e contribui muito para o sucesso das atividades de recrutamento para diversos programas.","robots":{"index":"index","follow":"follow","max-snippet":"max-snippet:-1","max-image-preview":"max-image-preview:large","max-video-preview":"max-video-preview:-1"},"canonical":"https:\/\/www.indexwebmarketing.com\/pt-br\/atuacao\/educacao\/","og_locale":"pt_BR","og_type":"article","og_title":"Ag\u00eancia de marketing especializada em educa\u00e7\u00e3o | Index","og_description":"A Index trabalha com diversas institui\u00e7\u00f5es de ensino de prest\u00edgio e contribui muito para o sucesso das atividades de recrutamento para diversos programas.","og_url":"https:\/\/www.indexwebmarketing.com\/pt-br\/atuacao\/educacao\/","og_site_name":"Index","article_publisher":"https:\/\/www.facebook.com\/agenceindex","og_image":[{"width":1600,"height":1600,"url":"https:\/\/www.indexwebmarketing.com\/wp-content\/uploads\/2018\/08\/logorouge.png","type":"image\/png"}],"schema":{"@context":"https:\/\/schema.org","@graph":[{"@type":"WebPage","@id":"https:\/\/www.indexwebmarketing.com\/pt-br\/atuacao\/educacao\/","url":"https:\/\/www.indexwebmarketing.com\/pt-br\/atuacao\/educacao\/","name":"Ag\u00eancia de marketing especializada em educa\u00e7\u00e3o | Index","isPartOf":{"@id":"https:\/\/www.indexwebmarketing.com\/#website"},"datePublished":"2023-01-12T13:33:32+00:00","description":"A Index trabalha com diversas institui\u00e7\u00f5es de ensino de prest\u00edgio e contribui muito para o sucesso das atividades de recrutamento para diversos programas.","breadcrumb":{"@id":"https:\/\/www.indexwebmarketing.com\/pt-br\/atuacao\/educacao\/#breadcrumb"},"inLanguage":"pt-BR","potentialAction":[{"@type":"ReadAction","target":["https:\/\/www.indexwebmarketing.com\/pt-br\/atuacao\/educacao\/"]}]},{"@type":"BreadcrumbList","@id":"https:\/\/www.indexwebmarketing.com\/pt-br\/atuacao\/educacao\/#breadcrumb","itemListElement":[{"@type":"ListItem","position":1,"name":"Home","item":"https:\/\/www.indexwebmarketing.com\/pt-br\/"},{"@type":"ListItem","position":2,"name":"Atua\u00e7\u00e3o","item":"https:\/\/www.indexwebmarketing.com\/pt-br\/atuacao\/"},{"@type":"ListItem","position":3,"name":"Educa\u00e7\u00e3o"}]},{"@type":"WebSite","@id":"https:\/\/www.indexwebmarketing.com\/#website","url":"https:\/\/www.indexwebmarketing.com\/","name":"Index","description":"The most trusted digital marketing agency.","alternateName":"Index","potentialAction":[{"@type":"SearchAction","target":{"@type":"EntryPoint","urlTemplate":"https:\/\/www.indexwebmarketing.com\/?s={search_term_string}"},"query-input":{"@type":"PropertyValueSpecification","valueRequired":true,"valueName":"search_term_string"}}],"inLanguage":"pt-BR"}]}},"_links":{"self":[{"href":"https:\/\/www.indexwebmarketing.com\/pt-br\/wp-json\/wp\/v2\/pages\/17806","targetHints":{"allow":["GET"]}}],"collection":[{"href":"https:\/\/www.indexwebmarketing.com\/pt-br\/wp-json\/wp\/v2\/pages"}],"about":[{"href":"https:\/\/www.indexwebmarketing.com\/pt-br\/wp-json\/wp\/v2\/types\/page"}],"author":[{"embeddable":true,"href":"https:\/\/www.indexwebmarketing.com\/pt-br\/wp-json\/wp\/v2\/users\/33"}],"replies":[{"embeddable":true,"href":"https:\/\/www.indexwebmarketing.com\/pt-br\/wp-json\/wp\/v2\/comments?post=17806"}],"version-history":[{"count":0,"href":"https:\/\/www.indexwebmarketing.com\/pt-br\/wp-json\/wp\/v2\/pages\/17806\/revisions"}],"up":[{"embeddable":true,"href":"https:\/\/www.indexwebmarketing.com\/pt-br\/wp-json\/wp\/v2\/pages\/17802"}],"wp:attachment":[{"href":"https:\/\/www.indexwebmarketing.com\/pt-br\/wp-json\/wp\/v2\/media?parent=17806"}],"curies":[{"name":"wp","href":"https:\/\/api.w.org\/{rel}","templated":true}]}}