{"id":18187,"date":"2024-03-06T13:28:44","date_gmt":"2024-03-06T18:28:44","guid":{"rendered":"https:\/\/www.indexwebmarketing.com\/?page_id=18187"},"modified":"2024-03-06T15:14:46","modified_gmt":"2024-03-06T20:14:46","slug":"politica-de-privacidade-de-dados","status":"publish","type":"page","link":"https:\/\/www.indexwebmarketing.com\/pt-br\/politica-de-privacidade-de-dados\/","title":{"rendered":"Pol\u00edtica de privacidade de dados"},"content":{"rendered":"<p><strong>1. COMUNICA\u00c7\u00d5ES DOS VISITANTES<\/strong><\/p>\n<p>Qualquer coment\u00e1rio, feedback, informa\u00e7\u00e3o ou material enviado para a Index Web Marketing atrav\u00e9s ou em associa\u00e7\u00e3o com este site ser\u00e1 considerado n\u00e3o-confidencial. Ao submeter coment\u00e1rios, feedback, informa\u00e7\u00f5es ou materiais para a Index Web Marketing, voc\u00ea concorda que a Index Web Marketing est\u00e1 livre para usar o conte\u00fado de tal comunica\u00e7\u00e3o de forma irrestrita sem compensa\u00e7\u00e3o. A Index Web Marketing n\u00e3o aceita ideias, trabalhos ou itens n\u00e3o solicitados. Nestas circunst\u00e2ncias, voc\u00ea reconhece que \u00e9 o \u00fanico respons\u00e1vel pelo risco incorrido quanto ao uso que possa ser feito de qualquer ideia, trabalho ou elemento assim distribu\u00eddo por voc\u00ea.<\/p>\n<p>A Index Web Marketing est\u00e1 comprometida em proteger seus dados pessoais e sua privacidade. Usamos as informa\u00e7\u00f5es que voc\u00ea fornece apenas para atender aos seus pedidos e para comunicar com voc\u00ea. Os dados pessoais e confidenciais que voc\u00ea nos confia ao definir seu perfil e solicitar conte\u00fado em nosso site s\u00e3o exclusivamente destinados a facilitar sua visita, entregar o conte\u00fado solicitado e comunicar com voc\u00ea.<\/p>\n<p><strong>2. AVISO DE PRIVACIDADE (E-MAIL)<\/strong><\/p>\n<p>Mensagens de e-mail podem conter informa\u00e7\u00f5es privilegiadas ou confidenciais. Se voc\u00ea n\u00e3o for o destinat\u00e1rio pretendido de uma comunica\u00e7\u00e3o, ou se receber uma por erro, por favor notifique o remetente e destrua a mensagem sem copi\u00e1-la ou divulgar seu conte\u00fado.<\/p>\n<p><strong>3. USO DAS INFORMA\u00c7\u00d5ES SOLICITADAS<\/strong><\/p>\n<p>Para entregar o conte\u00fado que voc\u00ea solicita (documentos, newsletters, etc.) e para melhor\u00e1-lo constantemente, precisamos de certas informa\u00e7\u00f5es sobre voc\u00ea. Seu nome e n\u00famero de telefone s\u00e3o necess\u00e1rios para contat\u00e1-lo em caso de problema com a entrega do conte\u00fado solicitado e tamb\u00e9m para fins promocionais apenas pela Index Web Marketing. Seu endere\u00e7o de e-mail \u00e9 essencial para a entrega de conte\u00fado neste site e para fins promocionais, caso sua permiss\u00e3o expl\u00edcita tenha sido concedida. Armazenamos essas informa\u00e7\u00f5es para que voc\u00ea possa us\u00e1-las novamente, sem limite de tempo, para solicitar conte\u00fado em nosso site. Tamb\u00e9m usamos esses dados para melhorar a apresenta\u00e7\u00e3o e organiza\u00e7\u00e3o da Index Web Marketing, principalmente sua empresa e sua ind\u00fastria, para nos inspirar a criar novo conte\u00fado ou para personaliz\u00e1-lo. Se voc\u00ea n\u00e3o deseja mais receber nossa newsletter ou nossas promo\u00e7\u00f5es e informa\u00e7\u00f5es, basta se desinscrever clicando no link fornecido no envio mensal.<\/p>\n<p><strong>4. COOKIES<\/strong><\/p>\n<p>Cookies s\u00e3o peda\u00e7os de informa\u00e7\u00e3o que um servidor http\/https armazena no disco r\u00edgido do seu computador ou celular para identific\u00e1-lo. Nossos cookies n\u00e3o cont\u00eam nenhuma informa\u00e7\u00e3o confidencial, mas simplesmente um n\u00famero que permite \u00e0 Index Web Marketing identific\u00e1-lo e sugerir conte\u00fado que possa ser do seu interesse e tornar sua visita mais agrad\u00e1vel e amig\u00e1vel. A maioria dos navegadores aceita cookies automaticamente. Quando voc\u00ea visita nosso site, configuramos nossos pr\u00f3prios cookies (chamados de cookies internos) bem como cookies de terceiros em seu navegador ou dispositivo. Alguns desses cookies s\u00e3o automaticamente deletados ao final da sua sess\u00e3o de navega\u00e7\u00e3o, enquanto outros podem permanecer em seu dispositivo por at\u00e9 24 meses ou at\u00e9 que voc\u00ea os delete. A tabela abaixo explica por que usamos cookies em nosso site.<\/p>\n<p><strong>Testemunhas essenciais <\/strong><\/p>\n<p>Usamos cookies \u201cessenciais\u201d para garantir que nosso site funcione corretamente. Estes cookies s\u00e3o necess\u00e1rios para fun\u00e7\u00f5es b\u00e1sicas como navega\u00e7\u00e3o nas p\u00e1ginas do nosso site e acesso a \u00e1reas seguras. N\u00e3o \u00e9 poss\u00edvel desabilitar o uso de cookies.<\/p>\n<p><strong>Indicadores de prefer\u00eancia <\/strong><\/p>\n<p>Usamos cookies chamados \u201cde prefer\u00eancia\u201d para identific\u00e1-lo em visitas subsequentes ao nosso site, preservando suas prefer\u00eancias e acordos. Em particular, usamos um cookie persistente para registrar informa\u00e7\u00f5es b\u00e1sicas sobre voc\u00ea, como suas pesquisas recentes ou seu idioma preferido. Isso nos permite manter um hist\u00f3rico de suas intera\u00e7\u00f5es, como discuss\u00f5es passadas.<\/p>\n<p><strong>Controles anal\u00edticos <\/strong><\/p>\n<p>Usamos cookies anal\u00edticos para produzir dados estat\u00edsticos agregados sobre o tr\u00e1fego e comportamento dos visitantes em nosso site. A Index Web Marketing usa o Google Analytics para obter informa\u00e7\u00f5es essenciais como o n\u00famero de visitantes, os hor\u00e1rios mais populares do dia, a dura\u00e7\u00e3o e frequ\u00eancia das visitas, as p\u00e1ginas visualizadas e os termos de pesquisa utilizados. O Google Analytics nos ajuda a entender melhor como os usu\u00e1rios interagem com nosso site. Os dados coletados tamb\u00e9m incluem elementos como seu endere\u00e7o IP, sua localiza\u00e7\u00e3o geogr\u00e1fica, informa\u00e7\u00f5es relacionadas ao seu navegador, os identificadores de seus dispositivos, bem como os sites que voc\u00ea consultou antes e depois do nosso.<\/p>\n<p>Cookies de publicidade Cookies de publicidade desempenham um papel importante em nos permitir oferecer publicidade adaptada \u00e0s suas prefer\u00eancias e interesses. Eles tamb\u00e9m nos ajudam a limitar a frequ\u00eancia com que o mesmo an\u00fancio \u00e9 apresentado a voc\u00ea, avaliar a efic\u00e1cia de nossas campanhas publicit\u00e1rias e conte\u00fado, analisar o tr\u00e1fego de e-mail para melhorar nossa oferta, entender os padr\u00f5es de compra dos clientes e, finalmente, oferecer uma experi\u00eancia personalizada.<\/p>\n<p>Voc\u00ea pode gerenciar o uso de cookies no site da Index Web Marketing clicando aqui. Voc\u00ea pode instalar uma extens\u00e3o de navegador para desativar o Google Analytics, o que impedir\u00e1 que o c\u00f3digo JavaScript do Google Analytics (ga.js, analytics.js e dc.js) transmita informa\u00e7\u00f5es sobre suas visitas ao Google Analytics. Para mais informa\u00e7\u00f5es sobre a pol\u00edtica de privacidade do Google, por favor visite a p\u00e1gina \u201cPol\u00edtica de Privacidade e Termos de Uso\u201d do Google.<\/p>\n<p>Adotamos os princ\u00edpios de publicidade baseada em interesses da Digital Advertising Alliance e da Digital Advertising Alliance do Canad\u00e1, fornecendo a voc\u00ea maior informa\u00e7\u00e3o, transpar\u00eancia e controle sobre nossas pr\u00e1ticas de marketing digital, conforme descrito aqui.<\/p>\n<p><strong>5. PROTEGENDO SEUS DADOS CONFIDENCIAIS<\/strong><\/p>\n<p>A Index Web Marketing ret\u00e9m dados pessoais por um per\u00edodo de tempo razo\u00e1vel, seja para permitir acesso adequado aos sites, responder completamente aos seus pedidos, alcan\u00e7ar os prop\u00f3sitos declarados ou cumprir com os requisitos legais, o que for mais longo.<\/p>\n<p>Apenas membros relevantes da equipe t\u00eam acesso aos dados quando isso \u00e9 necess\u00e1rio para realizar suas fun\u00e7\u00f5es em rela\u00e7\u00e3o aos servi\u00e7os e de acordo com os prop\u00f3sitos estabelecidos nesta pol\u00edtica de privacidade, sujeito ao seguinte.<\/p>\n<p>Nunca compartilhamos seus dados pessoais com terceiros fora da Index Web Marketing sem o seu consentimento, exceto nos seguintes casos, e somente se esses terceiros tiverem implementado salvaguardas de seguran\u00e7a apropriadas para garantir pelo menos o mesmo n\u00edvel de seguran\u00e7a que o nosso:<\/p>\n<p>Nossos fornecedores, que foram selecionados para realizar certas fun\u00e7\u00f5es em nosso nome, como processamento e armazenamento de dados, an\u00e1lise da qualidade do servi\u00e7o, monitoramento e gerenciamento de aplica\u00e7\u00f5es e o processo de recrutamento, est\u00e3o sujeitos a medidas de seguran\u00e7a. Garantimos que esses terceiros tenham acesso apenas \u00e0s informa\u00e7\u00f5es estritamente necess\u00e1rias para a execu\u00e7\u00e3o dos servi\u00e7os acordados. Al\u00e9m disso, eles podem usar suas informa\u00e7\u00f5es apenas para os fins que definimos e devem cumprir com os padr\u00f5es de prote\u00e7\u00e3o de dados pessoais de acordo com as leis vigentes, garantindo assim um n\u00edvel de seguran\u00e7a e prote\u00e7\u00e3o equivalente ao descrito em nossa pol\u00edtica de privacidade; Agentes, prestadores de servi\u00e7os e consultores ser\u00e3o contratualmente obrigados a usar as informa\u00e7\u00f5es pessoais fornecidas a eles apenas para o prop\u00f3sito de prestar servi\u00e7os espec\u00edficos. Eles tamb\u00e9m se comprometem a manter a confidencialidade de acordo com esta pol\u00edtica e a devolver ou destruir as informa\u00e7\u00f5es pessoais ao final da rela\u00e7\u00e3o comercial. Qualquer viola\u00e7\u00e3o ou tentativa de viola\u00e7\u00e3o dessas obriga\u00e7\u00f5es de confidencialidade, quando tais atores estiverem sob a responsabilidade de agentes, prestadores de servi\u00e7os e consultores, tamb\u00e9m deve ser relatada \u00e0 Index Web Marketing.<\/p>\n<p>Observamos medidas de seguran\u00e7a rigorosas em rela\u00e7\u00e3o ao arquivamento e divulga\u00e7\u00e3o das informa\u00e7\u00f5es que voc\u00ea nos transmitiu, a fim de prevenir acesso n\u00e3o autorizado. Por esse motivo, podemos pedir que voc\u00ea comprove sua identidade novamente antes de fornecer-lhe informa\u00e7\u00f5es confidenciais ou modific\u00e1-las a seu pedido.<\/p>\n<p><strong>6. TRANSMISS\u00c3O DE SEUS DADOS PARA TERCEIROS<\/strong><\/p>\n<p>Garantindo a m\u00e1xima confidencialidade, a Index Web Marketing se compromete a n\u00e3o divulgar ou comercializar para terceiros qualquer informa\u00e7\u00e3o a seu respeito, exceto sob os termos de uma restri\u00e7\u00e3o legal (por depoimento legal, interrogat\u00f3rio, solicita\u00e7\u00e3o de documentos, intima\u00e7\u00e3o, pedido de investiga\u00e7\u00e3o civil ou outro procedimento similar seguindo uma ordem de um tribunal competente, ou para cumprir com condi\u00e7\u00f5es aplic\u00e1veis impostas por uma ag\u00eancia governamental ou outra autoridade regulat\u00f3ria, ou outras obriga\u00e7\u00f5es legais).<\/p>\n<p><strong>7. CONTATO COM O RESPONS\u00c1VEL PELA PRIVACIDADE<\/strong><\/p>\n<p>Esta pol\u00edtica estabelece nossos procedimentos para coleta e processamento de seus dados pessoais. Inclu\u00edmos detalhes de como mantemos sua privacidade e seus direitos em rela\u00e7\u00e3o aos seus dados pessoais. A Index Web Marketing reserva-se o direito de modificar sua pol\u00edtica de privacidade a qualquer momento. Neste caso, notificar\u00e1 todos os envolvidos.<\/p>\n<p>A qualquer momento, voc\u00ea pode retirar todos os seus dados confidenciais de nosso sistema usando <a href=\"https:\/\/intranet.indexwebmarketing.com\/public\/unsubscribe\/\">nosso formul\u00e1rio<\/a>. Por favor, n\u00e3o hesite em contactar nosso respons\u00e1vel pela prote\u00e7\u00e3o de dados se voc\u00ea tiver quaisquer perguntas.<\/p>\n<p>Respons\u00e1vel pela Privacidade: Jeremy Easterbrook \u2013 <a href=\"mailto:jeasterbrook@indexwebmarketing.com\" target=\"_new\" rel=\"noopener\">jeasterbrook@indexwebmarketing.com<\/a><\/p>\n","protected":false},"excerpt":{"rendered":"<p>1. COMUNICA\u00c7\u00d5ES DOS VISITANTES Qualquer coment\u00e1rio, feedback, informa\u00e7\u00e3o ou material enviado para a Index Web Marketing atrav\u00e9s ou em associa\u00e7\u00e3o com este site ser\u00e1 considerado n\u00e3o-confidencial. Ao submeter coment\u00e1rios, feedback, informa\u00e7\u00f5es ou materiais para a Index Web Marketing, voc\u00ea concorda que a Index Web Marketing est\u00e1 livre para usar o conte\u00fado de tal comunica\u00e7\u00e3o de [&hellip;]<\/p>\n","protected":false},"author":83,"featured_media":0,"parent":0,"menu_order":0,"comment_status":"closed","ping_status":"closed","template":"","meta":{"_et_pb_use_builder":"","_et_pb_old_content":"","_et_gb_content_width":"","footnotes":""},"class_list":["post-18187","page","type-page","status-publish","hentry"],"yoast_head":"<!-- This site is optimized with the Yoast SEO plugin v24.6 - https:\/\/yoast.com\/wordpress\/plugins\/seo\/ -->\n<title>Pol\u00edtica de privacidade de dados - Index<\/title>\n<meta name=\"robots\" content=\"index, follow, max-snippet:-1, max-image-preview:large, max-video-preview:-1\" \/>\n<link rel=\"canonical\" href=\"https:\/\/www.indexwebmarketing.com\/pt-br\/politica-de-privacidade-de-dados\/\" \/>\n<meta property=\"og:locale\" content=\"pt_BR\" \/>\n<meta property=\"og:type\" content=\"article\" \/>\n<meta property=\"og:title\" content=\"Pol\u00edtica de privacidade de dados - Index\" \/>\n<meta property=\"og:description\" content=\"1. COMUNICA\u00c7\u00d5ES DOS VISITANTES Qualquer coment\u00e1rio, feedback, informa\u00e7\u00e3o ou material enviado para a Index Web Marketing atrav\u00e9s ou em associa\u00e7\u00e3o com este site ser\u00e1 considerado n\u00e3o-confidencial. Ao submeter coment\u00e1rios, feedback, informa\u00e7\u00f5es ou materiais para a Index Web Marketing, voc\u00ea concorda que a Index Web Marketing est\u00e1 livre para usar o conte\u00fado de tal comunica\u00e7\u00e3o de [&hellip;]\" \/>\n<meta property=\"og:url\" content=\"https:\/\/www.indexwebmarketing.com\/pt-br\/politica-de-privacidade-de-dados\/\" \/>\n<meta property=\"og:site_name\" content=\"Index\" \/>\n<meta property=\"article:publisher\" content=\"https:\/\/www.facebook.com\/agenceindex\" \/>\n<meta property=\"article:modified_time\" content=\"2024-03-06T20:14:46+00:00\" \/>\n<meta property=\"og:image\" content=\"https:\/\/www.indexwebmarketing.com\/wp-content\/uploads\/2018\/08\/logorouge.png\" \/>\n\t<meta property=\"og:image:width\" content=\"1600\" \/>\n\t<meta property=\"og:image:height\" content=\"1600\" \/>\n\t<meta property=\"og:image:type\" content=\"image\/png\" \/>\n<meta name=\"twitter:label1\" content=\"Est. tempo de leitura\" \/>\n\t<meta name=\"twitter:data1\" content=\"7 minutos\" \/>\n<script type=\"application\/ld+json\" class=\"yoast-schema-graph\">{\"@context\":\"https:\/\/schema.org\",\"@graph\":[{\"@type\":\"WebPage\",\"@id\":\"https:\/\/www.indexwebmarketing.com\/pt-br\/politica-de-privacidade-de-dados\/\",\"url\":\"https:\/\/www.indexwebmarketing.com\/pt-br\/politica-de-privacidade-de-dados\/\",\"name\":\"Pol\u00edtica de privacidade de dados - Index\",\"isPartOf\":{\"@id\":\"https:\/\/www.indexwebmarketing.com\/#website\"},\"datePublished\":\"2024-03-06T18:28:44+00:00\",\"dateModified\":\"2024-03-06T20:14:46+00:00\",\"breadcrumb\":{\"@id\":\"https:\/\/www.indexwebmarketing.com\/pt-br\/politica-de-privacidade-de-dados\/#breadcrumb\"},\"inLanguage\":\"pt-BR\",\"potentialAction\":[{\"@type\":\"ReadAction\",\"target\":[\"https:\/\/www.indexwebmarketing.com\/pt-br\/politica-de-privacidade-de-dados\/\"]}]},{\"@type\":\"BreadcrumbList\",\"@id\":\"https:\/\/www.indexwebmarketing.com\/pt-br\/politica-de-privacidade-de-dados\/#breadcrumb\",\"itemListElement\":[{\"@type\":\"ListItem\",\"position\":1,\"name\":\"Home\",\"item\":\"https:\/\/www.indexwebmarketing.com\/pt-br\/\"},{\"@type\":\"ListItem\",\"position\":2,\"name\":\"Pol\u00edtica de privacidade de dados\"}]},{\"@type\":\"WebSite\",\"@id\":\"https:\/\/www.indexwebmarketing.com\/#website\",\"url\":\"https:\/\/www.indexwebmarketing.com\/\",\"name\":\"Index\",\"description\":\"The most trusted digital marketing agency.\",\"alternateName\":\"Index\",\"potentialAction\":[{\"@type\":\"SearchAction\",\"target\":{\"@type\":\"EntryPoint\",\"urlTemplate\":\"https:\/\/www.indexwebmarketing.com\/?s={search_term_string}\"},\"query-input\":{\"@type\":\"PropertyValueSpecification\",\"valueRequired\":true,\"valueName\":\"search_term_string\"}}],\"inLanguage\":\"pt-BR\"}]}<\/script>\n<!-- \/ Yoast SEO plugin. -->","yoast_head_json":{"title":"Pol\u00edtica de privacidade de dados - Index","robots":{"index":"index","follow":"follow","max-snippet":"max-snippet:-1","max-image-preview":"max-image-preview:large","max-video-preview":"max-video-preview:-1"},"canonical":"https:\/\/www.indexwebmarketing.com\/pt-br\/politica-de-privacidade-de-dados\/","og_locale":"pt_BR","og_type":"article","og_title":"Pol\u00edtica de privacidade de dados - Index","og_description":"1. COMUNICA\u00c7\u00d5ES DOS VISITANTES Qualquer coment\u00e1rio, feedback, informa\u00e7\u00e3o ou material enviado para a Index Web Marketing atrav\u00e9s ou em associa\u00e7\u00e3o com este site ser\u00e1 considerado n\u00e3o-confidencial. Ao submeter coment\u00e1rios, feedback, informa\u00e7\u00f5es ou materiais para a Index Web Marketing, voc\u00ea concorda que a Index Web Marketing est\u00e1 livre para usar o conte\u00fado de tal comunica\u00e7\u00e3o de [&hellip;]","og_url":"https:\/\/www.indexwebmarketing.com\/pt-br\/politica-de-privacidade-de-dados\/","og_site_name":"Index","article_publisher":"https:\/\/www.facebook.com\/agenceindex","article_modified_time":"2024-03-06T20:14:46+00:00","og_image":[{"width":1600,"height":1600,"url":"https:\/\/www.indexwebmarketing.com\/wp-content\/uploads\/2018\/08\/logorouge.png","type":"image\/png"}],"twitter_misc":{"Est. tempo de leitura":"7 minutos"},"schema":{"@context":"https:\/\/schema.org","@graph":[{"@type":"WebPage","@id":"https:\/\/www.indexwebmarketing.com\/pt-br\/politica-de-privacidade-de-dados\/","url":"https:\/\/www.indexwebmarketing.com\/pt-br\/politica-de-privacidade-de-dados\/","name":"Pol\u00edtica de privacidade de dados - Index","isPartOf":{"@id":"https:\/\/www.indexwebmarketing.com\/#website"},"datePublished":"2024-03-06T18:28:44+00:00","dateModified":"2024-03-06T20:14:46+00:00","breadcrumb":{"@id":"https:\/\/www.indexwebmarketing.com\/pt-br\/politica-de-privacidade-de-dados\/#breadcrumb"},"inLanguage":"pt-BR","potentialAction":[{"@type":"ReadAction","target":["https:\/\/www.indexwebmarketing.com\/pt-br\/politica-de-privacidade-de-dados\/"]}]},{"@type":"BreadcrumbList","@id":"https:\/\/www.indexwebmarketing.com\/pt-br\/politica-de-privacidade-de-dados\/#breadcrumb","itemListElement":[{"@type":"ListItem","position":1,"name":"Home","item":"https:\/\/www.indexwebmarketing.com\/pt-br\/"},{"@type":"ListItem","position":2,"name":"Pol\u00edtica de privacidade de dados"}]},{"@type":"WebSite","@id":"https:\/\/www.indexwebmarketing.com\/#website","url":"https:\/\/www.indexwebmarketing.com\/","name":"Index","description":"The most trusted digital marketing agency.","alternateName":"Index","potentialAction":[{"@type":"SearchAction","target":{"@type":"EntryPoint","urlTemplate":"https:\/\/www.indexwebmarketing.com\/?s={search_term_string}"},"query-input":{"@type":"PropertyValueSpecification","valueRequired":true,"valueName":"search_term_string"}}],"inLanguage":"pt-BR"}]}},"_links":{"self":[{"href":"https:\/\/www.indexwebmarketing.com\/pt-br\/wp-json\/wp\/v2\/pages\/18187","targetHints":{"allow":["GET"]}}],"collection":[{"href":"https:\/\/www.indexwebmarketing.com\/pt-br\/wp-json\/wp\/v2\/pages"}],"about":[{"href":"https:\/\/www.indexwebmarketing.com\/pt-br\/wp-json\/wp\/v2\/types\/page"}],"author":[{"embeddable":true,"href":"https:\/\/www.indexwebmarketing.com\/pt-br\/wp-json\/wp\/v2\/users\/83"}],"replies":[{"embeddable":true,"href":"https:\/\/www.indexwebmarketing.com\/pt-br\/wp-json\/wp\/v2\/comments?post=18187"}],"version-history":[{"count":0,"href":"https:\/\/www.indexwebmarketing.com\/pt-br\/wp-json\/wp\/v2\/pages\/18187\/revisions"}],"wp:attachment":[{"href":"https:\/\/www.indexwebmarketing.com\/pt-br\/wp-json\/wp\/v2\/media?parent=18187"}],"curies":[{"name":"wp","href":"https:\/\/api.w.org\/{rel}","templated":true}]}}